{"id":23377,"date":"2023-06-26T14:36:15","date_gmt":"2023-06-26T12:36:15","guid":{"rendered":"https:\/\/pozgaj.eu\/karijera-zaposljavanje\/berufswettbewerbe-in-veliki-bukovac\/"},"modified":"2023-06-26T14:36:17","modified_gmt":"2023-06-26T12:36:17","slug":"berufswettbewerbe-in-veliki-bukovac","status":"publish","type":"page","link":"https:\/\/pozgaj.eu\/de\/karijera-zaposljavanje\/berufswettbewerbe-in-veliki-bukovac\/","title":{"rendered":"Berufswettbewerbe in Veliki Bukovac"},"content":{"rendered":"<div class=\"fusion-fullwidth fullwidth-box fusion-builder-row-1 nonhundred-percent-fullwidth non-hundred-percent-height-scrolling\" style=\"--awb-border-radius-top-left:0px;--awb-border-radius-top-right:0px;--awb-border-radius-bottom-right:0px;--awb-border-radius-bottom-left:0px;--awb-padding-top:0px;--awb-padding-right:0px;--awb-padding-bottom:0px;--awb-padding-left:0px;--awb-margin-top:0px;--awb-margin-bottom:0px;--awb-background-color:rgba(255,255,255,0);--awb-flex-wrap:wrap;\" ><div class=\"fusion-builder-row fusion-row\"><div class=\"fusion-layout-column fusion_builder_column fusion-builder-column-0 fusion_builder_column_1_2 1_2 fusion-one-half fusion-column-first\" style=\"--awb-padding-top:0px;--awb-padding-right:30px;--awb-padding-bottom:0px;--awb-padding-left:30px;--awb-bg-size:cover;--awb-margin-top:10px;--awb-margin-bottom:10px;width:50%;width:calc(50% - ( ( 4% ) * 0.5 ) );margin-right: 4%;\"><div class=\"fusion-column-wrapper fusion-flex-column-wrapper-legacy\"><div class=\"fusion-text fusion-text-1\"><p><span style=\"font-family: tahoma, arial, helvetica, sans-serif; font-size: 10pt;\">Sehr geehrte Damen und Herren, vielen Dank f\u00fcr Ihr Interesse an einer Anstellung bei der Po\u017egaj-Gruppe.<\/span><\/p>\n<p><span style=\"font-family: tahoma, arial, helvetica, sans-serif; font-size: 10pt;\">Derzeit haben wir an diesem Standort keine offenen Stellen. Sie k\u00f6nnen jedoch Ihren Lebenslauf und Ihr Interesse an der gew\u00fcnschten Position schriftlich an unsere Personalabteilung senden: Po\u017egaj Grupa, Dravska ulica 24, Veliki Bukovec, 42231 Mali Bukovec oder an die E-Mail-Adresse @pozgaj.com.<\/span><\/p>\n<p><span style=\"font-family: tahoma, arial, helvetica, sans-serif; font-size: 10pt;\">Auf dieser Grundlage nehmen wir Sie in unsere Kontaktdatenbank auf, falls in Zukunft Bedarf an einem Mitarbeiter Ihres Profils besteht.<\/span><\/p>\n<\/div><div class=\"fusion-clearfix\"><\/div><\/div><\/div><\/div><\/div>\n","protected":false},"excerpt":{"rendered":"","protected":false},"author":4,"featured_media":0,"parent":11026,"menu_order":0,"comment_status":"closed","ping_status":"closed","template":"","meta":{"footnotes":""},"yoast_head":"<!-- This site is optimized with the Yoast SEO plugin v21.1 - https:\/\/yoast.com\/wordpress\/plugins\/seo\/ -->\n<title>Berufswettbewerbe in Veliki Bukovac &middot; PO\u017dGAJ grupa<\/title>\n<meta name=\"robots\" content=\"index, follow, max-snippet:-1, max-image-preview:large, max-video-preview:-1\" \/>\n<link rel=\"canonical\" href=\"https:\/\/pozgaj.eu\/de\/karijera-zaposljavanje\/berufswettbewerbe-in-veliki-bukovac\/\" \/>\n<meta property=\"og:locale\" content=\"de_DE\" \/>\n<meta property=\"og:type\" content=\"article\" \/>\n<meta property=\"og:title\" content=\"Berufswettbewerbe in Veliki Bukovac &middot; PO\u017dGAJ grupa\" \/>\n<meta property=\"og:url\" content=\"https:\/\/pozgaj.eu\/de\/karijera-zaposljavanje\/berufswettbewerbe-in-veliki-bukovac\/\" \/>\n<meta property=\"og:site_name\" content=\"PO\u017dGAJ grupa\" \/>\n<meta property=\"article:publisher\" content=\"https:\/\/www.facebook.com\/POZGAJ-grupa-134026586637732\/\" \/>\n<meta property=\"article:modified_time\" content=\"2023-06-26T12:36:17+00:00\" \/>\n<meta name=\"twitter:card\" content=\"summary_large_image\" \/>\n<meta name=\"twitter:label1\" content=\"Gesch\u00e4tzte Lesezeit\" \/>\n\t<meta name=\"twitter:data1\" content=\"2\u00a0Minuten\" \/>\n<script type=\"application\/ld+json\" class=\"yoast-schema-graph\">{\"@context\":\"https:\/\/schema.org\",\"@graph\":[{\"@type\":\"WebPage\",\"@id\":\"https:\/\/pozgaj.eu\/de\/karijera-zaposljavanje\/berufswettbewerbe-in-veliki-bukovac\/\",\"url\":\"https:\/\/pozgaj.eu\/de\/karijera-zaposljavanje\/berufswettbewerbe-in-veliki-bukovac\/\",\"name\":\"Berufswettbewerbe in Veliki Bukovac &middot; PO\u017dGAJ grupa\",\"isPartOf\":{\"@id\":\"https:\/\/pozgaj.eu\/#website\"},\"datePublished\":\"2023-06-26T12:36:15+00:00\",\"dateModified\":\"2023-06-26T12:36:17+00:00\",\"breadcrumb\":{\"@id\":\"https:\/\/pozgaj.eu\/de\/karijera-zaposljavanje\/berufswettbewerbe-in-veliki-bukovac\/#breadcrumb\"},\"inLanguage\":\"de\",\"potentialAction\":[{\"@type\":\"ReadAction\",\"target\":[\"https:\/\/pozgaj.eu\/de\/karijera-zaposljavanje\/berufswettbewerbe-in-veliki-bukovac\/\"]}]},{\"@type\":\"BreadcrumbList\",\"@id\":\"https:\/\/pozgaj.eu\/de\/karijera-zaposljavanje\/berufswettbewerbe-in-veliki-bukovac\/#breadcrumb\",\"itemListElement\":[{\"@type\":\"ListItem\",\"position\":1,\"name\":\"Home\",\"item\":\"https:\/\/pozgaj.eu\/de\/\"},{\"@type\":\"ListItem\",\"position\":2,\"name\":\"Karriere\",\"item\":\"https:\/\/pozgaj.eu\/karijera-zaposljavanje\/\"},{\"@type\":\"ListItem\",\"position\":3,\"name\":\"Berufswettbewerbe in Veliki Bukovac\"}]},{\"@type\":\"WebSite\",\"@id\":\"https:\/\/pozgaj.eu\/#website\",\"url\":\"https:\/\/pozgaj.eu\/\",\"name\":\"PO\u017dGAJ grupa\",\"description\":\"WEB page POZGAJ group\",\"publisher\":{\"@id\":\"https:\/\/pozgaj.eu\/#organization\"},\"potentialAction\":[{\"@type\":\"SearchAction\",\"target\":{\"@type\":\"EntryPoint\",\"urlTemplate\":\"https:\/\/pozgaj.eu\/?s={search_term_string}\"},\"query-input\":\"required name=search_term_string\"}],\"inLanguage\":\"de\"},{\"@type\":\"Organization\",\"@id\":\"https:\/\/pozgaj.eu\/#organization\",\"name\":\"PO\u017dGAJ Grupa\",\"url\":\"https:\/\/pozgaj.eu\/\",\"logo\":{\"@type\":\"ImageObject\",\"inLanguage\":\"de\",\"@id\":\"https:\/\/pozgaj.eu\/#\/schema\/logo\/image\/\",\"url\":\"https:\/\/pozgaj.eu\/wp-content\/uploads\/2017\/10\/grupa_logo.png\",\"contentUrl\":\"https:\/\/pozgaj.eu\/wp-content\/uploads\/2017\/10\/grupa_logo.png\",\"width\":1141,\"height\":150,\"caption\":\"PO\u017dGAJ Grupa\"},\"image\":{\"@id\":\"https:\/\/pozgaj.eu\/#\/schema\/logo\/image\/\"},\"sameAs\":[\"https:\/\/www.facebook.com\/POZGAJ-grupa-134026586637732\/\",\"https:\/\/www.linkedin.com\/in\/pozgaj-grupa-78864523\/\"]}]}<\/script>\n<!-- \/ Yoast SEO plugin. -->","yoast_head_json":{"title":"Berufswettbewerbe in Veliki Bukovac &middot; PO\u017dGAJ grupa","robots":{"index":"index","follow":"follow","max-snippet":"max-snippet:-1","max-image-preview":"max-image-preview:large","max-video-preview":"max-video-preview:-1"},"canonical":"https:\/\/pozgaj.eu\/de\/karijera-zaposljavanje\/berufswettbewerbe-in-veliki-bukovac\/","og_locale":"de_DE","og_type":"article","og_title":"Berufswettbewerbe in Veliki Bukovac &middot; PO\u017dGAJ grupa","og_url":"https:\/\/pozgaj.eu\/de\/karijera-zaposljavanje\/berufswettbewerbe-in-veliki-bukovac\/","og_site_name":"PO\u017dGAJ grupa","article_publisher":"https:\/\/www.facebook.com\/POZGAJ-grupa-134026586637732\/","article_modified_time":"2023-06-26T12:36:17+00:00","twitter_card":"summary_large_image","twitter_misc":{"Gesch\u00e4tzte Lesezeit":"2\u00a0Minuten"},"schema":{"@context":"https:\/\/schema.org","@graph":[{"@type":"WebPage","@id":"https:\/\/pozgaj.eu\/de\/karijera-zaposljavanje\/berufswettbewerbe-in-veliki-bukovac\/","url":"https:\/\/pozgaj.eu\/de\/karijera-zaposljavanje\/berufswettbewerbe-in-veliki-bukovac\/","name":"Berufswettbewerbe in Veliki Bukovac &middot; PO\u017dGAJ grupa","isPartOf":{"@id":"https:\/\/pozgaj.eu\/#website"},"datePublished":"2023-06-26T12:36:15+00:00","dateModified":"2023-06-26T12:36:17+00:00","breadcrumb":{"@id":"https:\/\/pozgaj.eu\/de\/karijera-zaposljavanje\/berufswettbewerbe-in-veliki-bukovac\/#breadcrumb"},"inLanguage":"de","potentialAction":[{"@type":"ReadAction","target":["https:\/\/pozgaj.eu\/de\/karijera-zaposljavanje\/berufswettbewerbe-in-veliki-bukovac\/"]}]},{"@type":"BreadcrumbList","@id":"https:\/\/pozgaj.eu\/de\/karijera-zaposljavanje\/berufswettbewerbe-in-veliki-bukovac\/#breadcrumb","itemListElement":[{"@type":"ListItem","position":1,"name":"Home","item":"https:\/\/pozgaj.eu\/de\/"},{"@type":"ListItem","position":2,"name":"Karriere","item":"https:\/\/pozgaj.eu\/karijera-zaposljavanje\/"},{"@type":"ListItem","position":3,"name":"Berufswettbewerbe in Veliki Bukovac"}]},{"@type":"WebSite","@id":"https:\/\/pozgaj.eu\/#website","url":"https:\/\/pozgaj.eu\/","name":"PO\u017dGAJ grupa","description":"WEB page POZGAJ group","publisher":{"@id":"https:\/\/pozgaj.eu\/#organization"},"potentialAction":[{"@type":"SearchAction","target":{"@type":"EntryPoint","urlTemplate":"https:\/\/pozgaj.eu\/?s={search_term_string}"},"query-input":"required name=search_term_string"}],"inLanguage":"de"},{"@type":"Organization","@id":"https:\/\/pozgaj.eu\/#organization","name":"PO\u017dGAJ Grupa","url":"https:\/\/pozgaj.eu\/","logo":{"@type":"ImageObject","inLanguage":"de","@id":"https:\/\/pozgaj.eu\/#\/schema\/logo\/image\/","url":"https:\/\/pozgaj.eu\/wp-content\/uploads\/2017\/10\/grupa_logo.png","contentUrl":"https:\/\/pozgaj.eu\/wp-content\/uploads\/2017\/10\/grupa_logo.png","width":1141,"height":150,"caption":"PO\u017dGAJ Grupa"},"image":{"@id":"https:\/\/pozgaj.eu\/#\/schema\/logo\/image\/"},"sameAs":["https:\/\/www.facebook.com\/POZGAJ-grupa-134026586637732\/","https:\/\/www.linkedin.com\/in\/pozgaj-grupa-78864523\/"]}]}},"_links":{"self":[{"href":"https:\/\/pozgaj.eu\/de\/wp-json\/wp\/v2\/pages\/23377"}],"collection":[{"href":"https:\/\/pozgaj.eu\/de\/wp-json\/wp\/v2\/pages"}],"about":[{"href":"https:\/\/pozgaj.eu\/de\/wp-json\/wp\/v2\/types\/page"}],"author":[{"embeddable":true,"href":"https:\/\/pozgaj.eu\/de\/wp-json\/wp\/v2\/users\/4"}],"replies":[{"embeddable":true,"href":"https:\/\/pozgaj.eu\/de\/wp-json\/wp\/v2\/comments?post=23377"}],"version-history":[{"count":0,"href":"https:\/\/pozgaj.eu\/de\/wp-json\/wp\/v2\/pages\/23377\/revisions"}],"up":[{"embeddable":true,"href":"https:\/\/pozgaj.eu\/de\/wp-json\/wp\/v2\/pages\/11026"}],"wp:attachment":[{"href":"https:\/\/pozgaj.eu\/de\/wp-json\/wp\/v2\/media?parent=23377"}],"curies":[{"name":"wp","href":"https:\/\/api.w.org\/{rel}","templated":true}]}}