{"id":23187,"date":"2023-06-26T14:33:55","date_gmt":"2023-06-26T12:33:55","guid":{"rendered":"https:\/\/pozgaj.eu\/karijera-zaposljavanje\/berufswettbewerbe\/"},"modified":"2023-06-26T14:33:56","modified_gmt":"2023-06-26T12:33:56","slug":"berufswettbewerbe","status":"publish","type":"page","link":"https:\/\/pozgaj.eu\/de\/karijera-zaposljavanje\/berufswettbewerbe\/","title":{"rendered":"Berufswettbewerbe"},"content":{"rendered":"<p><div class=\"fusion-fullwidth fullwidth-box fusion-builder-row-1 nonhundred-percent-fullwidth non-hundred-percent-height-scrolling\" style=\"--awb-border-radius-top-left:0px;--awb-border-radius-top-right:0px;--awb-border-radius-bottom-right:0px;--awb-border-radius-bottom-left:0px;--awb-padding-top:0px;--awb-padding-right:0px;--awb-padding-bottom:0px;--awb-padding-left:0px;--awb-margin-top:0px;--awb-margin-bottom:0px;--awb-background-color:rgba(255,255,255,0);--awb-flex-wrap:wrap;\" ><div class=\"fusion-builder-row fusion-row\"><div class=\"fusion-layout-column fusion_builder_column fusion-builder-column-0 fusion_builder_column_1_2 1_2 fusion-one-half fusion-column-first\" style=\"--awb-padding-top:0px;--awb-padding-right:30px;--awb-padding-bottom:0px;--awb-padding-left:30px;--awb-bg-size:cover;--awb-margin-top:10px;--awb-margin-bottom:10px;width:50%;width:calc(50% - ( ( 4% ) * 0.5 ) );margin-right: 4%;\"><div class=\"fusion-column-wrapper fusion-flex-column-wrapper-legacy\"><div class=\"fusion-text fusion-text-1\"><p><span style=\"color: #333333; font-family: tahoma,arial,helvetica,sans-serif; font-size: 10pt;\">Die PO\u017dGAJ-GRUPPE ist eine moderne und innovative Gruppe, deren Hauptt\u00e4tigkeit die Herstellung von Holzprodukten ist. Es ist eines der gr\u00f6\u00dften und wichtigsten Themen der kroatischen Holzindustrie, deren Tradition mehr als 40 Jahre zur\u00fcckreicht. Wir exportieren etwa 90 % unserer Fertigprodukte in mehr als 25 M\u00e4rkte in ganz Europa und der Welt. Innerhalb der Po\u017egaj-Gruppe sind mehrere Mitgliedsunternehmen t\u00e4tig, die Produktion erfolgt in 6 Werken an 4 Standorten in Kroatien. Zur Po\u017egaj-Gruppe geh\u00f6ren Fabriken f\u00fcr Schnittholz, Lamellen, Leimholzplatten, Parkett, M\u00f6bel und Holzh\u00e4user. Wir verkaufen auf dem heimischen Markt \u00fcber 4 eigene Ausstellungsr\u00e4ume.<\/span><\/p>\n<p><span style=\"color: #333333; font-family: tahoma,arial,helvetica,sans-serif; font-size: 10pt;\">Bei der Po\u017egaj-Gruppe bauen wir eine Unternehmenskultur auf, die Teamarbeit, Zusammenarbeit und Kreativit\u00e4t f\u00f6rdert. Wir betrachten die Mitarbeiter als einen der Schl\u00fcsselfaktoren f\u00fcr unseren Erfolg, unser Wachstum und unsere Entwicklung. Wir besch\u00e4ftigen derzeit mehr als 500 Mitarbeiter und sind f\u00fcr den weiteren Ausbau stets auf der Suche nach erfahrenen und verantwortungsbewussten Mitarbeitern.<\/span><\/p>\n<p><strong><span style=\"color: #333333; font-family: tahoma,arial,helvetica,sans-serif; font-size: 10pt;\">Weitere Informationen zu aktuell offenen Stellen erhalten Sie, indem Sie unten auf dieser Seite auf den Stellenort klicken.<\/span><\/strong><\/p>\n<p><span style=\"color: #333333; font-family: tahoma,arial,helvetica,sans-serif; font-size: 10pt;\">F\u00fcr weitere Informationen zu offenen Ausschreibungen und Besch\u00e4ftigungsm\u00f6glichkeiten bei Po\u017egaj Grupa wenden Sie sich bitte an unsere Personalabteilung.<\/span><br \/>\n<span style=\"color: #333333;\"><span style=\"font-family: tahoma,arial,helvetica,sans-serif; font-size: 10pt;\"><span style=\"text-align: left; text-transform: none; text-indent: 0px; letter-spacing: normal; font-family: tahoma,arial,helvetica,sans-serif; font-size: 10pt; font-style: normal; font-variant: normal; font-weight: 400; text-decoration: none; word-spacing: 0px; display: inline !important; white-space: normal; orphans: 2; float: none; -webkit-text-stroke-width: 0px; background-color: #ffffff;\">E-Mail: <a href=\"mailto:posao@pozgaj.com\">posao@pozgaj.com<\/a><\/span><\/span><b><\/b><i><\/i><u><\/u><\/span><br \/>\n<span style=\"color: #333333;\"><span style=\"font-family: tahoma,arial,helvetica,sans-serif; font-size: 10pt;\">Adresse: Po\u017egaj Grupa,<\/span> <span style=\"font-family: tahoma,arial,helvetica,sans-serif; font-size: 10pt;\">Dravska ulica 24, Veliki Bukovec, 42231 Mali Bukovec<\/span><\/span><\/p>\n<\/div><div class=\"fusion-sep-clear\"><\/div><div class=\"fusion-separator fusion-full-width-sep\" style=\"margin-left: auto;margin-right: auto;margin-top:15px;margin-bottom:15px;width:100%;\"><\/div><div class=\"fusion-sep-clear\"><\/div><div class=\"fusion-clearfix\"><\/div><\/div><\/div><div class=\"fusion-layout-column fusion_builder_column fusion-builder-column-1 fusion_builder_column_1_2 1_2 fusion-one-half fusion-column-last\" style=\"--awb-bg-size:cover;width:50%;width:calc(50% - ( ( 4% ) * 0.5 ) );\"><div class=\"fusion-column-wrapper fusion-flex-column-wrapper-legacy\"><div class=\"fusion-image-element in-legacy-container\" style=\"--awb-caption-title-font-family:var(--h2_typography-font-family);--awb-caption-title-font-weight:var(--h2_typography-font-weight);--awb-caption-title-font-style:var(--h2_typography-font-style);--awb-caption-title-size:var(--h2_typography-font-size);--awb-caption-title-transform:var(--h2_typography-text-transform);--awb-caption-title-line-height:var(--h2_typography-line-height);--awb-caption-title-letter-spacing:var(--h2_typography-letter-spacing);\"><span class=\" fusion-imageframe imageframe-none imageframe-1 hover-type-none\"><img decoding=\"async\" width=\"2560\" height=\"1920\" title=\"Zaposlenici\" src=\"https:\/\/pozgaj.eu\/wp-content\/uploads\/2021\/01\/Zaposlenici-scaled.jpg\" alt class=\"img-responsive wp-image-22607\" srcset=\"https:\/\/pozgaj.eu\/wp-content\/uploads\/2021\/01\/Zaposlenici-200x150.jpg 200w, https:\/\/pozgaj.eu\/wp-content\/uploads\/2021\/01\/Zaposlenici-400x300.jpg 400w, https:\/\/pozgaj.eu\/wp-content\/uploads\/2021\/01\/Zaposlenici-600x450.jpg 600w, https:\/\/pozgaj.eu\/wp-content\/uploads\/2021\/01\/Zaposlenici-800x600.jpg 800w, https:\/\/pozgaj.eu\/wp-content\/uploads\/2021\/01\/Zaposlenici-1200x900.jpg 1200w, https:\/\/pozgaj.eu\/wp-content\/uploads\/2021\/01\/Zaposlenici-scaled.jpg 2560w\" sizes=\"(max-width: 800px) 100vw, 2560px\" \/><\/span><\/div><div class=\"fusion-clearfix\"><\/div><\/div><\/div><\/div><\/div><div class=\"fusion-fullwidth fullwidth-box fusion-builder-row-2 nonhundred-percent-fullwidth non-hundred-percent-height-scrolling\" style=\"--awb-border-radius-top-left:0px;--awb-border-radius-top-right:0px;--awb-border-radius-bottom-right:0px;--awb-border-radius-bottom-left:0px;--awb-flex-wrap:wrap;\" ><div class=\"fusion-builder-row fusion-row\"><div class=\"fusion-layout-column fusion_builder_column fusion-builder-column-2 fusion_builder_column_1_4 1_4 fusion-one-fourth fusion-column-first\" style=\"--awb-bg-size:cover;width:25%;width:calc(25% - ( ( 4% + 4% + 4% ) * 0.25 ) );margin-right: 4%;\"><div class=\"fusion-column-wrapper fusion-flex-column-wrapper-legacy\"><div class=\"fusion-text fusion-text-2\"><p style=\"text-align: center;\"><span style=\"font-family: tahoma,arial,helvetica,sans-serif; font-size: 10pt;\">Gespanschaft Zagreb<\/span><\/p>\n<\/div><div class=\"fusion-align-block\"><a class=\"fusion-button button-3d fusion-button-default-size button-lightgray fusion-button-lightgray button-1 fusion-button-span-yes \" target=\"_self\" href=\"https:\/\/pozgaj.eu\/karijera-zaposljavanje\/natjecaji-za-posao-u-belovaru\/\"><span class=\"fusion-button-text\">Belovar<\/span><i class=\" fa fa-share button-icon-right\" aria-hidden=\"true\"><\/i><\/a><\/div><div class=\"fusion-clearfix\"><\/div><\/div><\/div><div class=\"fusion-layout-column fusion_builder_column fusion-builder-column-3 fusion_builder_column_1_4 1_4 fusion-one-fourth\" style=\"--awb-bg-size:cover;width:25%;width:calc(25% - ( ( 4% + 4% + 4% ) * 0.25 ) );margin-right: 4%;\"><div class=\"fusion-column-wrapper fusion-flex-column-wrapper-legacy\"><div class=\"fusion-text fusion-text-3\"><p style=\"text-align: center;\"><span style=\"font-family: tahoma,arial,helvetica,sans-serif; font-size: 10pt;\">Gespanschaft Osijek-Baranja<\/span><\/p>\n<\/div><div class=\"fusion-align-block\"><a class=\"fusion-button button-3d fusion-button-default-size button-lightgray fusion-button-lightgray button-2 fusion-button-span-yes \" target=\"_self\" href=\"https:\/\/pozgaj.eu\/karijera-zaposljavanje\/natjecaji-za-posao-u-donjem-miholjcu\/\"><span class=\"fusion-button-text\">Donji Miholjac<\/span><i class=\" fa fa-share button-icon-right\" aria-hidden=\"true\"><\/i><\/a><\/div><div class=\"fusion-clearfix\"><\/div><\/div><\/div><div class=\"fusion-layout-column fusion_builder_column fusion-builder-column-4 fusion_builder_column_1_4 1_4 fusion-one-fourth\" style=\"--awb-bg-size:cover;width:25%;width:calc(25% - ( ( 4% + 4% + 4% ) * 0.25 ) );margin-right: 4%;\"><div class=\"fusion-column-wrapper fusion-flex-column-wrapper-legacy\"><div class=\"fusion-text fusion-text-4\"><p style=\"text-align: center;\"><span style=\"font-family: tahoma,arial,helvetica,sans-serif; font-size: 10pt;\">Gespanschaft Lika-Senj<\/span><\/p>\n<\/div><div class=\"fusion-align-block\"><a class=\"fusion-button button-3d fusion-button-default-size button-lightgray fusion-button-lightgray button-3 fusion-button-span-yes \" target=\"_self\" href=\"https:\/\/pozgaj.eu\/karijera-zaposljavanje\/natjecaji-za-posao-u-otoccu\/\"><span class=\"fusion-button-text\">Oto\u010dac<\/span><i class=\" fa fa-share button-icon-right\" aria-hidden=\"true\"><\/i><\/a><\/div><div class=\"fusion-clearfix\"><\/div><\/div><\/div><div class=\"fusion-layout-column fusion_builder_column fusion-builder-column-5 fusion_builder_column_1_4 1_4 fusion-one-fourth fusion-column-last\" style=\"--awb-bg-size:cover;width:25%;width:calc(25% - ( ( 4% + 4% + 4% ) * 0.25 ) );\"><div class=\"fusion-column-wrapper fusion-flex-column-wrapper-legacy\"><div class=\"fusion-text fusion-text-5\"><p style=\"text-align: center;\"><span style=\"font-family: tahoma,arial,helvetica,sans-serif; font-size: 10pt;\">Kreis Vara\u017edin<\/span><\/p>\n<\/div><div class=\"fusion-align-block\"><a class=\"fusion-button button-3d fusion-button-default-size button-lightgray fusion-button-lightgray button-4 fusion-button-span-yes \" target=\"_self\" href=\"https:\/\/pozgaj.eu\/karijera-zaposljavanje\/natjecaji-za-posao-u-velikom-bukovcu\/\"><span class=\"fusion-button-text\">Veliki Bukovec<\/span><i class=\" fa fa-share button-icon-right\" aria-hidden=\"true\"><\/i><\/a><\/div><div class=\"fusion-clearfix\"><\/div><\/div><\/div><\/div><\/div><div class=\"fusion-fullwidth fullwidth-box fusion-builder-row-3 nonhundred-percent-fullwidth non-hundred-percent-height-scrolling\" style=\"--awb-border-radius-top-left:0px;--awb-border-radius-top-right:0px;--awb-border-radius-bottom-right:0px;--awb-border-radius-bottom-left:0px;--awb-flex-wrap:wrap;\" ><div class=\"fusion-builder-row fusion-row\"><div class=\"fusion-layout-column fusion_builder_column fusion-builder-column-6 fusion_builder_column_1_1 1_1 fusion-one-full fusion-column-first fusion-column-last\" style=\"--awb-bg-size:cover;\"><div class=\"fusion-column-wrapper fusion-flex-column-wrapper-legacy\"><div class=\"fusion-sep-clear\"><\/div><div class=\"fusion-separator fusion-full-width-sep\" style=\"margin-left: auto;margin-right: auto;margin-top:15px;width:100%;\"><\/div><div class=\"fusion-sep-clear\"><\/div><div class=\"fusion-clearfix\"><\/div><\/div><\/div><\/div><\/div><div class=\"fusion-fullwidth fullwidth-box fusion-builder-row-4 nonhundred-percent-fullwidth non-hundred-percent-height-scrolling\" style=\"--awb-border-radius-top-left:0px;--awb-border-radius-top-right:0px;--awb-border-radius-bottom-right:0px;--awb-border-radius-bottom-left:0px;--awb-flex-wrap:wrap;\" ><div class=\"fusion-builder-row fusion-row\"><div class=\"fusion-layout-column fusion_builder_column fusion-builder-column-7 fusion_builder_column_1_4 1_4 fusion-one-fourth fusion-column-first\" style=\"--awb-bg-size:cover;width:25%;width:calc(25% - ( ( 4% + 4% + 4% ) * 0.25 ) );margin-right: 4%;\"><div class=\"fusion-column-wrapper fusion-flex-column-wrapper-legacy\"><div class=\"fusion-text fusion-text-6\"><p style=\"text-align: center;\"><span style=\"font-family: tahoma,arial,helvetica,sans-serif; font-size: 10pt;\">Gespanschaft Osijek-Baranja<\/span><\/p>\n<\/div><div class=\"fusion-align-block\"><a class=\"fusion-button button-3d fusion-button-default-size button-lightgray fusion-button-lightgray button-5 fusion-button-span-yes \" target=\"_self\" href=\"https:\/\/pozgaj.eu\/karijera-zaposljavanje\/natjecaji-za-posao-u-osijeku\/\"><span class=\"fusion-button-text\">Osijek<\/span><i class=\" fa fa-share button-icon-right\" aria-hidden=\"true\"><\/i><\/a><\/div><div class=\"fusion-clearfix\"><\/div><\/div><\/div><div class=\"fusion-layout-column fusion_builder_column fusion-builder-column-8 fusion_builder_column_1_4 1_4 fusion-one-fourth\" style=\"--awb-bg-size:cover;width:25%;width:calc(25% - ( ( 4% + 4% + 4% ) * 0.25 ) );margin-right: 4%;\"><div class=\"fusion-column-wrapper fusion-flex-column-wrapper-legacy\"><div class=\"fusion-text fusion-text-7\"><p style=\"text-align: center;\"><span style=\"font-family: tahoma,arial,helvetica,sans-serif; font-size: 10pt;\">Gespanschaft Split-Dalmatien<\/span><\/p>\n<\/div><div class=\"fusion-align-block\"><a class=\"fusion-button button-3d fusion-button-default-size button-lightgray fusion-button-lightgray button-6 fusion-button-span-yes \" target=\"_self\" href=\"https:\/\/pozgaj.eu\/karijera-zaposljavanje\/natjecaji-za-posao-u-splitu\/\"><span class=\"fusion-button-text\">Split<\/span><i class=\" fa fa-share button-icon-right\" aria-hidden=\"true\"><\/i><\/a><\/div><div class=\"fusion-clearfix\"><\/div><\/div><\/div><div class=\"fusion-layout-column fusion_builder_column fusion-builder-column-9 fusion_builder_column_1_4 1_4 fusion-one-fourth\" style=\"--awb-bg-size:cover;width:25%;width:calc(25% - ( ( 4% + 4% + 4% ) * 0.25 ) );margin-right: 4%;\"><div class=\"fusion-column-wrapper fusion-flex-column-wrapper-legacy\"><div class=\"fusion-text fusion-text-8\"><p style=\"text-align: center;\"><span style=\"font-family: tahoma,arial,helvetica,sans-serif; font-size: 10pt;\">Kreis Vara\u017edin<\/span><\/p>\n<\/div><div class=\"fusion-align-block\"><a class=\"fusion-button button-3d fusion-button-default-size button-lightgray fusion-button-lightgray button-7 fusion-button-span-yes \" target=\"_self\" href=\"https:\/\/pozgaj.eu\/karijera-zaposljavanje\/natjecaji-za-posao-u-varazdinu\/\"><span class=\"fusion-button-text\">Vara\u017edin<\/span><i class=\" fa fa-share button-icon-right\" aria-hidden=\"true\"><\/i><\/a><\/div><div class=\"fusion-clearfix\"><\/div><\/div><\/div><div class=\"fusion-layout-column fusion_builder_column fusion-builder-column-10 fusion_builder_column_1_4 1_4 fusion-one-fourth fusion-column-last\" style=\"--awb-bg-size:cover;width:25%;width:calc(25% - ( ( 4% + 4% + 4% ) * 0.25 ) );\"><div class=\"fusion-column-wrapper fusion-flex-column-wrapper-legacy\"><div class=\"fusion-text fusion-text-9\"><p style=\"text-align: center;\"><span style=\"font-family: tahoma,arial,helvetica,sans-serif; font-size: 10pt;\">Stadt Zagreb<\/span><\/p>\n<\/div><div class=\"fusion-align-block\"><a class=\"fusion-button button-3d fusion-button-default-size button-lightgray fusion-button-lightgray button-8 fusion-button-span-yes \" target=\"_self\" href=\"https:\/\/pozgaj.eu\/karijera-zaposljavanje\/natjecaji-za-posao-u-zagrebu\/\"><span class=\"fusion-button-text\">Zagreb<\/span><i class=\" fa fa-share button-icon-right\" aria-hidden=\"true\"><\/i><\/a><\/div><div class=\"fusion-clearfix\"><\/div><\/div><\/div><\/div><\/div><\/p>\n","protected":false},"excerpt":{"rendered":"","protected":false},"author":4,"featured_media":0,"parent":11026,"menu_order":0,"comment_status":"closed","ping_status":"closed","template":"","meta":{"footnotes":""},"yoast_head":"<!-- This site is optimized with the Yoast SEO plugin v21.1 - https:\/\/yoast.com\/wordpress\/plugins\/seo\/ -->\n<title>Berufswettbewerbe &middot; PO\u017dGAJ grupa<\/title>\n<meta name=\"robots\" content=\"index, follow, max-snippet:-1, max-image-preview:large, max-video-preview:-1\" \/>\n<link rel=\"canonical\" href=\"https:\/\/pozgaj.eu\/de\/karijera-zaposljavanje\/berufswettbewerbe\/\" \/>\n<meta property=\"og:locale\" content=\"de_DE\" \/>\n<meta property=\"og:type\" content=\"article\" \/>\n<meta property=\"og:title\" content=\"Berufswettbewerbe &middot; PO\u017dGAJ grupa\" \/>\n<meta property=\"og:url\" content=\"https:\/\/pozgaj.eu\/de\/karijera-zaposljavanje\/berufswettbewerbe\/\" \/>\n<meta property=\"og:site_name\" content=\"PO\u017dGAJ grupa\" \/>\n<meta property=\"article:publisher\" content=\"https:\/\/www.facebook.com\/POZGAJ-grupa-134026586637732\/\" \/>\n<meta property=\"article:modified_time\" content=\"2023-06-26T12:33:56+00:00\" \/>\n<meta name=\"twitter:card\" content=\"summary_large_image\" \/>\n<meta name=\"twitter:label1\" content=\"Gesch\u00e4tzte Lesezeit\" \/>\n\t<meta name=\"twitter:data1\" content=\"10\u00a0Minuten\" \/>\n<script type=\"application\/ld+json\" class=\"yoast-schema-graph\">{\"@context\":\"https:\/\/schema.org\",\"@graph\":[{\"@type\":\"WebPage\",\"@id\":\"https:\/\/pozgaj.eu\/de\/karijera-zaposljavanje\/berufswettbewerbe\/\",\"url\":\"https:\/\/pozgaj.eu\/de\/karijera-zaposljavanje\/berufswettbewerbe\/\",\"name\":\"Berufswettbewerbe &middot; PO\u017dGAJ grupa\",\"isPartOf\":{\"@id\":\"https:\/\/pozgaj.eu\/#website\"},\"datePublished\":\"2023-06-26T12:33:55+00:00\",\"dateModified\":\"2023-06-26T12:33:56+00:00\",\"breadcrumb\":{\"@id\":\"https:\/\/pozgaj.eu\/de\/karijera-zaposljavanje\/berufswettbewerbe\/#breadcrumb\"},\"inLanguage\":\"de\",\"potentialAction\":[{\"@type\":\"ReadAction\",\"target\":[\"https:\/\/pozgaj.eu\/de\/karijera-zaposljavanje\/berufswettbewerbe\/\"]}]},{\"@type\":\"BreadcrumbList\",\"@id\":\"https:\/\/pozgaj.eu\/de\/karijera-zaposljavanje\/berufswettbewerbe\/#breadcrumb\",\"itemListElement\":[{\"@type\":\"ListItem\",\"position\":1,\"name\":\"Home\",\"item\":\"https:\/\/pozgaj.eu\/de\/\"},{\"@type\":\"ListItem\",\"position\":2,\"name\":\"Karriere\",\"item\":\"https:\/\/pozgaj.eu\/karijera-zaposljavanje\/\"},{\"@type\":\"ListItem\",\"position\":3,\"name\":\"Berufswettbewerbe\"}]},{\"@type\":\"WebSite\",\"@id\":\"https:\/\/pozgaj.eu\/#website\",\"url\":\"https:\/\/pozgaj.eu\/\",\"name\":\"PO\u017dGAJ grupa\",\"description\":\"WEB page POZGAJ group\",\"publisher\":{\"@id\":\"https:\/\/pozgaj.eu\/#organization\"},\"potentialAction\":[{\"@type\":\"SearchAction\",\"target\":{\"@type\":\"EntryPoint\",\"urlTemplate\":\"https:\/\/pozgaj.eu\/?s={search_term_string}\"},\"query-input\":\"required name=search_term_string\"}],\"inLanguage\":\"de\"},{\"@type\":\"Organization\",\"@id\":\"https:\/\/pozgaj.eu\/#organization\",\"name\":\"PO\u017dGAJ Grupa\",\"url\":\"https:\/\/pozgaj.eu\/\",\"logo\":{\"@type\":\"ImageObject\",\"inLanguage\":\"de\",\"@id\":\"https:\/\/pozgaj.eu\/#\/schema\/logo\/image\/\",\"url\":\"https:\/\/pozgaj.eu\/wp-content\/uploads\/2017\/10\/grupa_logo.png\",\"contentUrl\":\"https:\/\/pozgaj.eu\/wp-content\/uploads\/2017\/10\/grupa_logo.png\",\"width\":1141,\"height\":150,\"caption\":\"PO\u017dGAJ Grupa\"},\"image\":{\"@id\":\"https:\/\/pozgaj.eu\/#\/schema\/logo\/image\/\"},\"sameAs\":[\"https:\/\/www.facebook.com\/POZGAJ-grupa-134026586637732\/\",\"https:\/\/www.linkedin.com\/in\/pozgaj-grupa-78864523\/\"]}]}<\/script>\n<!-- \/ Yoast SEO plugin. -->","yoast_head_json":{"title":"Berufswettbewerbe &middot; PO\u017dGAJ grupa","robots":{"index":"index","follow":"follow","max-snippet":"max-snippet:-1","max-image-preview":"max-image-preview:large","max-video-preview":"max-video-preview:-1"},"canonical":"https:\/\/pozgaj.eu\/de\/karijera-zaposljavanje\/berufswettbewerbe\/","og_locale":"de_DE","og_type":"article","og_title":"Berufswettbewerbe &middot; PO\u017dGAJ grupa","og_url":"https:\/\/pozgaj.eu\/de\/karijera-zaposljavanje\/berufswettbewerbe\/","og_site_name":"PO\u017dGAJ grupa","article_publisher":"https:\/\/www.facebook.com\/POZGAJ-grupa-134026586637732\/","article_modified_time":"2023-06-26T12:33:56+00:00","twitter_card":"summary_large_image","twitter_misc":{"Gesch\u00e4tzte Lesezeit":"10\u00a0Minuten"},"schema":{"@context":"https:\/\/schema.org","@graph":[{"@type":"WebPage","@id":"https:\/\/pozgaj.eu\/de\/karijera-zaposljavanje\/berufswettbewerbe\/","url":"https:\/\/pozgaj.eu\/de\/karijera-zaposljavanje\/berufswettbewerbe\/","name":"Berufswettbewerbe &middot; PO\u017dGAJ grupa","isPartOf":{"@id":"https:\/\/pozgaj.eu\/#website"},"datePublished":"2023-06-26T12:33:55+00:00","dateModified":"2023-06-26T12:33:56+00:00","breadcrumb":{"@id":"https:\/\/pozgaj.eu\/de\/karijera-zaposljavanje\/berufswettbewerbe\/#breadcrumb"},"inLanguage":"de","potentialAction":[{"@type":"ReadAction","target":["https:\/\/pozgaj.eu\/de\/karijera-zaposljavanje\/berufswettbewerbe\/"]}]},{"@type":"BreadcrumbList","@id":"https:\/\/pozgaj.eu\/de\/karijera-zaposljavanje\/berufswettbewerbe\/#breadcrumb","itemListElement":[{"@type":"ListItem","position":1,"name":"Home","item":"https:\/\/pozgaj.eu\/de\/"},{"@type":"ListItem","position":2,"name":"Karriere","item":"https:\/\/pozgaj.eu\/karijera-zaposljavanje\/"},{"@type":"ListItem","position":3,"name":"Berufswettbewerbe"}]},{"@type":"WebSite","@id":"https:\/\/pozgaj.eu\/#website","url":"https:\/\/pozgaj.eu\/","name":"PO\u017dGAJ grupa","description":"WEB page POZGAJ group","publisher":{"@id":"https:\/\/pozgaj.eu\/#organization"},"potentialAction":[{"@type":"SearchAction","target":{"@type":"EntryPoint","urlTemplate":"https:\/\/pozgaj.eu\/?s={search_term_string}"},"query-input":"required name=search_term_string"}],"inLanguage":"de"},{"@type":"Organization","@id":"https:\/\/pozgaj.eu\/#organization","name":"PO\u017dGAJ Grupa","url":"https:\/\/pozgaj.eu\/","logo":{"@type":"ImageObject","inLanguage":"de","@id":"https:\/\/pozgaj.eu\/#\/schema\/logo\/image\/","url":"https:\/\/pozgaj.eu\/wp-content\/uploads\/2017\/10\/grupa_logo.png","contentUrl":"https:\/\/pozgaj.eu\/wp-content\/uploads\/2017\/10\/grupa_logo.png","width":1141,"height":150,"caption":"PO\u017dGAJ Grupa"},"image":{"@id":"https:\/\/pozgaj.eu\/#\/schema\/logo\/image\/"},"sameAs":["https:\/\/www.facebook.com\/POZGAJ-grupa-134026586637732\/","https:\/\/www.linkedin.com\/in\/pozgaj-grupa-78864523\/"]}]}},"_links":{"self":[{"href":"https:\/\/pozgaj.eu\/de\/wp-json\/wp\/v2\/pages\/23187"}],"collection":[{"href":"https:\/\/pozgaj.eu\/de\/wp-json\/wp\/v2\/pages"}],"about":[{"href":"https:\/\/pozgaj.eu\/de\/wp-json\/wp\/v2\/types\/page"}],"author":[{"embeddable":true,"href":"https:\/\/pozgaj.eu\/de\/wp-json\/wp\/v2\/users\/4"}],"replies":[{"embeddable":true,"href":"https:\/\/pozgaj.eu\/de\/wp-json\/wp\/v2\/comments?post=23187"}],"version-history":[{"count":0,"href":"https:\/\/pozgaj.eu\/de\/wp-json\/wp\/v2\/pages\/23187\/revisions"}],"up":[{"embeddable":true,"href":"https:\/\/pozgaj.eu\/de\/wp-json\/wp\/v2\/pages\/11026"}],"wp:attachment":[{"href":"https:\/\/pozgaj.eu\/de\/wp-json\/wp\/v2\/media?parent=23187"}],"curies":[{"name":"wp","href":"https:\/\/api.w.org\/{rel}","templated":true}]}}