{"id":20170,"date":"2019-02-19T15:15:33","date_gmt":"2019-02-19T14:15:33","guid":{"rendered":"https:\/\/pozgaj.eu\/lagerangebot-hocker\/"},"modified":"2019-03-04T08:16:10","modified_gmt":"2019-03-04T07:16:10","slug":"lagerangebot-hocker","status":"publish","type":"page","link":"https:\/\/pozgaj.eu\/de\/lagerangebot-hocker\/","title":{"rendered":"Lagerangebot &#8211; HOCKER"},"content":{"rendered":"<div class=\"fusion-fullwidth fullwidth-box fusion-builder-row-1 nonhundred-percent-fullwidth non-hundred-percent-height-scrolling\" style=\"--awb-border-radius-top-left:0px;--awb-border-radius-top-right:0px;--awb-border-radius-bottom-right:0px;--awb-border-radius-bottom-left:0px;--awb-flex-wrap:wrap;\" ><div class=\"fusion-builder-row fusion-row\"><div class=\"fusion-layout-column fusion_builder_column fusion-builder-column-0 fusion_builder_column_1_2 1_2 fusion-one-half fusion-column-first\" style=\"--awb-bg-size:cover;width:50%;width:calc(50% - ( ( 4% ) * 0.5 ) );margin-right: 4%;\"><div class=\"fusion-column-wrapper fusion-flex-column-wrapper-legacy\"><div class=\"fusion-image-element in-legacy-container\" style=\"--awb-caption-title-font-family:var(--h2_typography-font-family);--awb-caption-title-font-weight:var(--h2_typography-font-weight);--awb-caption-title-font-style:var(--h2_typography-font-style);--awb-caption-title-size:var(--h2_typography-font-size);--awb-caption-title-transform:var(--h2_typography-text-transform);--awb-caption-title-line-height:var(--h2_typography-line-height);--awb-caption-title-letter-spacing:var(--h2_typography-letter-spacing);\"><span class=\" fusion-imageframe imageframe-none imageframe-1 hover-type-none\"><img decoding=\"async\" width=\"2386\" height=\"600\" title=\"Cvije\u0107e\" src=\"https:\/\/pozgaj.eu\/wp-content\/uploads\/2019\/02\/Cvije\u0107e.jpg\" alt class=\"img-responsive wp-image-20118\" srcset=\"https:\/\/pozgaj.eu\/wp-content\/uploads\/2019\/02\/Cvije\u0107e-200x50.jpg 200w, https:\/\/pozgaj.eu\/wp-content\/uploads\/2019\/02\/Cvije\u0107e-400x101.jpg 400w, https:\/\/pozgaj.eu\/wp-content\/uploads\/2019\/02\/Cvije\u0107e-600x151.jpg 600w, https:\/\/pozgaj.eu\/wp-content\/uploads\/2019\/02\/Cvije\u0107e-800x201.jpg 800w, https:\/\/pozgaj.eu\/wp-content\/uploads\/2019\/02\/Cvije\u0107e-1200x302.jpg 1200w, https:\/\/pozgaj.eu\/wp-content\/uploads\/2019\/02\/Cvije\u0107e.jpg 2386w\" sizes=\"(max-width: 800px) 100vw, 800px\" \/><\/span><\/div><div class=\"fusion-sep-clear\"><\/div><div class=\"fusion-separator fusion-full-width-sep\" style=\"margin-left: auto;margin-right: auto;margin-top:15px;margin-bottom:15px;width:100%;\"><\/div><div class=\"fusion-sep-clear\"><\/div><div class=\"fusion-image-element in-legacy-container\" style=\"--awb-caption-title-font-family:var(--h2_typography-font-family);--awb-caption-title-font-weight:var(--h2_typography-font-weight);--awb-caption-title-font-style:var(--h2_typography-font-style);--awb-caption-title-size:var(--h2_typography-font-size);--awb-caption-title-transform:var(--h2_typography-text-transform);--awb-caption-title-line-height:var(--h2_typography-line-height);--awb-caption-title-letter-spacing:var(--h2_typography-letter-spacing);\"><span class=\" fusion-imageframe imageframe-none imageframe-2 hover-type-none\"><img decoding=\"async\" width=\"2083\" height=\"602\" title=\"Hoklica 2019\" src=\"https:\/\/pozgaj.eu\/wp-content\/uploads\/2019\/02\/Hoklica-2019.jpg\" alt class=\"img-responsive wp-image-20121\" srcset=\"https:\/\/pozgaj.eu\/wp-content\/uploads\/2019\/02\/Hoklica-2019-200x58.jpg 200w, https:\/\/pozgaj.eu\/wp-content\/uploads\/2019\/02\/Hoklica-2019-400x116.jpg 400w, https:\/\/pozgaj.eu\/wp-content\/uploads\/2019\/02\/Hoklica-2019-600x173.jpg 600w, https:\/\/pozgaj.eu\/wp-content\/uploads\/2019\/02\/Hoklica-2019-800x231.jpg 800w, https:\/\/pozgaj.eu\/wp-content\/uploads\/2019\/02\/Hoklica-2019-1200x347.jpg 1200w, https:\/\/pozgaj.eu\/wp-content\/uploads\/2019\/02\/Hoklica-2019.jpg 2083w\" sizes=\"(max-width: 800px) 100vw, 800px\" \/><\/span><\/div><div class=\"fusion-clearfix\"><\/div><\/div><\/div><div class=\"fusion-layout-column fusion_builder_column fusion-builder-column-1 fusion_builder_column_1_2 1_2 fusion-one-half fusion-column-last\" style=\"--awb-bg-size:cover;width:50%;width:calc(50% - ( ( 4% ) * 0.5 ) );\"><div class=\"fusion-column-wrapper fusion-flex-column-wrapper-legacy\"><div class=\"fusion-text fusion-text-1\"><p><span style=\"font-family: tahoma,arial,helvetica,sans-serif; font-size: 10pt;\">Nutzen Sie die Gelegenheit und versch\u00f6nern Sie Ihr Zuhause mit dem kommenden Fr\u00fchling. Unsere <span style=\"margin: 0px; line-height: 107%;\">Aktion f\u00fcr den Fr\u00fchling 2019 enth\u00e4lt den Stuhl \u201eHOKLICA\u201c in 4 trendy Auff\u00fchrungen. Es geht um einen Stuhl von Massivholz Buche oder Kirsche in den so genannten <em>Country \u2013 Stil<\/em>, ohne R\u00fcckenlehne und Armlehne. Weil sie sich leicht unter dem Tisch Aufbewahren k\u00f6nnen sind sie Ideal f\u00fcr kleine K\u00fcchen und Esszimmer. Fr\u00f6hliche Kombinationen von Farben machen sie auch geeignet f\u00fcr Kinderzimmer. Die Stuhle sind auf Lager und sind f\u00fcr Lieferungen sofort bereit. Die Aktion gilt nur solange der Vorrat reicht.<\/span><\/span><\/p>\n<\/div><div class=\"fusion-text fusion-text-2\"><p><span style=\"font-family: tahoma,arial,helvetica,sans-serif;\"><span style=\"color: #ff0000; font-size: 18pt;\">Preis: NUR 15,00 \u20ac\/Stk.<\/span><\/span><\/p>\n<\/div><div class=\"fusion-text fusion-text-3\"><pre><span style=\"font-family: tahoma,arial,helvetica,sans-serif; font-size: 14pt;\">PRODUKTEIGENSCHAFTEN<\/span><\/pre>\n<pre><span style=\"font-family: tahoma,arial,helvetica,sans-serif; font-size: 10pt;\"><em>Produkt:<\/em> Massivholzst\u00fchl ohne R\u00fcckenlehne und Armlehne <\/span>\r\n<span style=\"font-family: tahoma,arial,helvetica,sans-serif; font-size: 10pt;\"><em>Holz:<\/em> BUCHE, KIRSCHE<\/span>\r\n<span style=\"font-family: tahoma,arial,helvetica,sans-serif; font-size: 10pt;\"><em>Oberfl\u00e4che:<\/em> LACKIERT<\/span>\r\n<span style=\"text-align: left; text-transform: none; text-indent: 0px; letter-spacing: normal; font-family: tahoma,arial,helvetica,sans-serif; font-size: 10pt; font-style: normal; font-variant: normal; font-weight: 400; text-decoration: none; word-spacing: 0px; display: inline !important; white-space: normal; cursor: text; orphans: 2; float: none; -webkit-text-stroke-width: 0px; background-color: transparent;\"><em>Sitzfl\u00e4che:<\/em> GEPOLSTERT\r\n<\/span><span style=\"font-family: tahoma,arial,helvetica,sans-serif; font-size: 10pt;\"><em>Breite:<\/em> 38 cm<\/span>\r\n<span style=\"font-family: tahoma,arial,helvetica,sans-serif; font-size: 10pt;\"><em>H\u00f6che:<\/em> 48 cm<\/span>\r\n<span style=\"font-size: 10pt;\"><em><span style=\"font-family: tahoma,arial,helvetica,sans-serif;\">Diesign und Qualit\u00e4t: <\/span><\/em><span style=\"font-family: tahoma,arial,helvetica,sans-serif;\">VERSETTO<\/span><\/span><\/pre>\n<\/div><div class=\"fusion-clearfix\"><\/div><\/div><\/div><div class=\"fusion-layout-column fusion_builder_column fusion-builder-column-2 fusion_builder_column_1_1 1_1 fusion-one-full fusion-column-first fusion-column-last\" style=\"--awb-bg-size:cover;\"><div class=\"fusion-column-wrapper fusion-flex-column-wrapper-legacy\"><div class=\"fusion-sep-clear\"><\/div><div class=\"fusion-separator fusion-full-width-sep\" style=\"margin-left: auto;margin-right: auto;margin-top:30px;width:100%;\"><\/div><div class=\"fusion-sep-clear\"><\/div><div class=\"fusion-clearfix\"><\/div><\/div><\/div><div class=\"fusion-layout-column fusion_builder_column fusion-builder-column-3 fusion_builder_column_1_4 1_4 fusion-one-fourth fusion-column-first\" style=\"--awb-bg-size:cover;width:25%;width:calc(25% - ( ( 4% + 4% + 4% ) * 0.25 ) );margin-right: 4%;\"><div class=\"fusion-column-wrapper fusion-flex-column-wrapper-legacy\"><div class=\"fusion-image-element in-legacy-container\" style=\"--awb-liftup-border-radius:0px;--awb-caption-title-font-family:var(--h2_typography-font-family);--awb-caption-title-font-weight:var(--h2_typography-font-weight);--awb-caption-title-font-style:var(--h2_typography-font-style);--awb-caption-title-size:var(--h2_typography-font-size);--awb-caption-title-transform:var(--h2_typography-text-transform);--awb-caption-title-line-height:var(--h2_typography-line-height);--awb-caption-title-letter-spacing:var(--h2_typography-letter-spacing);\"><div class=\"awb-image-frame awb-image-frame-3 imageframe-liftup\"><span class=\" fusion-imageframe imageframe-none imageframe-3\"><a href=\"https:\/\/pozgaj.eu\/wp-content\/uploads\/2019\/02\/Hoklica1.jpg\" class=\"fusion-lightbox\" data-rel=\"lightbox-image-aUxpZ2h0Ym94W2QyNWRmMThjZWJjYmZmYWRlYWVd\" data-rl_title=\"\" data-rl_caption=\"\" data-caption=\"Hoklica-Hocker 1\" data-title=\"Hoklica1\" title=\"\"><img decoding=\"async\" width=\"499\" height=\"591\" src=\"https:\/\/pozgaj.eu\/wp-content\/uploads\/2019\/02\/Hoklica1.jpg\" alt class=\"img-responsive wp-image-20103\" srcset=\"https:\/\/pozgaj.eu\/wp-content\/uploads\/2019\/02\/Hoklica1-200x237.jpg 200w, https:\/\/pozgaj.eu\/wp-content\/uploads\/2019\/02\/Hoklica1-400x474.jpg 400w, https:\/\/pozgaj.eu\/wp-content\/uploads\/2019\/02\/Hoklica1.jpg 499w\" sizes=\"(max-width: 800px) 100vw, 400px\" \/><\/a><\/span><\/div><\/div><div class=\"fusion-clearfix\"><\/div><\/div><\/div><div class=\"fusion-layout-column fusion_builder_column fusion-builder-column-4 fusion_builder_column_1_4 1_4 fusion-one-fourth\" style=\"--awb-bg-size:cover;width:25%;width:calc(25% - ( ( 4% + 4% + 4% ) * 0.25 ) );margin-right: 4%;\"><div class=\"fusion-column-wrapper fusion-flex-column-wrapper-legacy\"><div class=\"fusion-image-element in-legacy-container\" style=\"--awb-liftup-border-radius:0px;--awb-caption-title-font-family:var(--h2_typography-font-family);--awb-caption-title-font-weight:var(--h2_typography-font-weight);--awb-caption-title-font-style:var(--h2_typography-font-style);--awb-caption-title-size:var(--h2_typography-font-size);--awb-caption-title-transform:var(--h2_typography-text-transform);--awb-caption-title-line-height:var(--h2_typography-line-height);--awb-caption-title-letter-spacing:var(--h2_typography-letter-spacing);\"><div class=\"awb-image-frame awb-image-frame-4 imageframe-liftup\"><span class=\" fusion-imageframe imageframe-none imageframe-4\"><a href=\"https:\/\/pozgaj.eu\/wp-content\/uploads\/2019\/02\/Hoklica2.jpg\" class=\"fusion-lightbox\" data-rel=\"lightbox-image-aUxpZ2h0Ym94WzU4YjJkMjBiMTJlMGVmNGMyNzdd\" data-rl_title=\"\" data-rl_caption=\"\" data-caption=\"Hoklica-Hocker 2\" data-title=\"Hoklica2\" title=\"\"><img decoding=\"async\" width=\"507\" height=\"594\" src=\"https:\/\/pozgaj.eu\/wp-content\/uploads\/2019\/02\/Hoklica2.jpg\" alt class=\"img-responsive wp-image-20100\" srcset=\"https:\/\/pozgaj.eu\/wp-content\/uploads\/2019\/02\/Hoklica2-200x234.jpg 200w, https:\/\/pozgaj.eu\/wp-content\/uploads\/2019\/02\/Hoklica2-400x469.jpg 400w, https:\/\/pozgaj.eu\/wp-content\/uploads\/2019\/02\/Hoklica2.jpg 507w\" sizes=\"(max-width: 800px) 100vw, 400px\" \/><\/a><\/span><\/div><\/div><div class=\"fusion-clearfix\"><\/div><\/div><\/div><div class=\"fusion-layout-column fusion_builder_column fusion-builder-column-5 fusion_builder_column_1_4 1_4 fusion-one-fourth\" style=\"--awb-bg-size:cover;width:25%;width:calc(25% - ( ( 4% + 4% + 4% ) * 0.25 ) );margin-right: 4%;\"><div class=\"fusion-column-wrapper fusion-flex-column-wrapper-legacy\"><div class=\"fusion-image-element in-legacy-container\" style=\"--awb-liftup-border-radius:0px;--awb-caption-title-font-family:var(--h2_typography-font-family);--awb-caption-title-font-weight:var(--h2_typography-font-weight);--awb-caption-title-font-style:var(--h2_typography-font-style);--awb-caption-title-size:var(--h2_typography-font-size);--awb-caption-title-transform:var(--h2_typography-text-transform);--awb-caption-title-line-height:var(--h2_typography-line-height);--awb-caption-title-letter-spacing:var(--h2_typography-letter-spacing);\"><div class=\"awb-image-frame awb-image-frame-5 imageframe-liftup\"><span class=\" fusion-imageframe imageframe-none imageframe-5\"><a href=\"https:\/\/pozgaj.eu\/wp-content\/uploads\/2019\/02\/Hoklica3.jpg\" class=\"fusion-lightbox\" data-rel=\"lightbox-image-aUxpZ2h0Ym94WzA2NDgzNTQwMzQxZTNmZGQ2NDNd\" data-rl_title=\"\" data-rl_caption=\"\" data-caption=\"Hoklica-Hocker 3\" data-title=\"Hoklica3\" title=\"\"><img decoding=\"async\" width=\"504\" height=\"584\" src=\"https:\/\/pozgaj.eu\/wp-content\/uploads\/2019\/02\/Hoklica3.jpg\" alt class=\"img-responsive wp-image-20115\" srcset=\"https:\/\/pozgaj.eu\/wp-content\/uploads\/2019\/02\/Hoklica3-200x232.jpg 200w, https:\/\/pozgaj.eu\/wp-content\/uploads\/2019\/02\/Hoklica3-400x463.jpg 400w, https:\/\/pozgaj.eu\/wp-content\/uploads\/2019\/02\/Hoklica3.jpg 504w\" sizes=\"(max-width: 800px) 100vw, 400px\" \/><\/a><\/span><\/div><\/div><div class=\"fusion-clearfix\"><\/div><\/div><\/div><div class=\"fusion-layout-column fusion_builder_column fusion-builder-column-6 fusion_builder_column_1_4 1_4 fusion-one-fourth fusion-column-last\" style=\"--awb-bg-size:cover;width:25%;width:calc(25% - ( ( 4% + 4% + 4% ) * 0.25 ) );\"><div class=\"fusion-column-wrapper fusion-flex-column-wrapper-legacy\"><div class=\"fusion-image-element in-legacy-container\" style=\"--awb-liftup-border-radius:0px;--awb-caption-title-font-family:var(--h2_typography-font-family);--awb-caption-title-font-weight:var(--h2_typography-font-weight);--awb-caption-title-font-style:var(--h2_typography-font-style);--awb-caption-title-size:var(--h2_typography-font-size);--awb-caption-title-transform:var(--h2_typography-text-transform);--awb-caption-title-line-height:var(--h2_typography-line-height);--awb-caption-title-letter-spacing:var(--h2_typography-letter-spacing);\"><div class=\"awb-image-frame awb-image-frame-6 imageframe-liftup\"><span class=\" fusion-imageframe imageframe-none imageframe-6\"><a href=\"https:\/\/pozgaj.eu\/wp-content\/uploads\/2019\/02\/Hoklica4.jpg\" class=\"fusion-lightbox\" data-rel=\"lightbox-image-aUxpZ2h0Ym94WzllMGFmNWJkZDNkZWE0NTNjNDld\" data-rl_title=\"\" data-rl_caption=\"\" data-caption=\"Hoklica-Hocker 4\" data-title=\"Hoklica4\" title=\"\"><img decoding=\"async\" width=\"505\" height=\"591\" src=\"https:\/\/pozgaj.eu\/wp-content\/uploads\/2019\/02\/Hoklica4.jpg\" alt class=\"img-responsive wp-image-20112\" srcset=\"https:\/\/pozgaj.eu\/wp-content\/uploads\/2019\/02\/Hoklica4-200x234.jpg 200w, https:\/\/pozgaj.eu\/wp-content\/uploads\/2019\/02\/Hoklica4-400x468.jpg 400w, https:\/\/pozgaj.eu\/wp-content\/uploads\/2019\/02\/Hoklica4.jpg 505w\" sizes=\"(max-width: 800px) 100vw, 400px\" \/><\/a><\/span><\/div><\/div><div class=\"fusion-clearfix\"><\/div><\/div><\/div><div class=\"fusion-layout-column fusion_builder_column fusion-builder-column-7 fusion_builder_column_1_1 1_1 fusion-one-full fusion-column-first fusion-column-last\" style=\"--awb-bg-size:cover;\"><div class=\"fusion-column-wrapper fusion-flex-column-wrapper-legacy\"><div class=\"fusion-sep-clear\"><\/div><div class=\"fusion-separator fusion-full-width-sep\" style=\"margin-left: auto;margin-right: auto;margin-top:30px;margin-bottom:30px;width:100%;\"><div class=\"fusion-separator-border sep-shadow\" style=\"--awb-height:20px;--awb-amount:20px;background:radial-gradient(ellipse at 50% -50% , #e0dede 0px, rgba(255, 255, 255, 0) 80%) repeat scroll 0 0 rgba(0, 0, 0, 0);background:-webkit-radial-gradient(ellipse at 50% -50% , #e0dede 0px, rgba(255, 255, 255, 0) 80%) repeat scroll 0 0 rgba(0, 0, 0, 0);background:-moz-radial-gradient(ellipse at 50% -50% , #e0dede 0px, rgba(255, 255, 255, 0) 80%) repeat scroll 0 0 rgba(0, 0, 0, 0);background:-o-radial-gradient(ellipse at 50% -50% , #e0dede 0px, rgba(255, 255, 255, 0) 80%) repeat scroll 0 0 rgba(0, 0, 0, 0);\"><\/div><\/div><div class=\"fusion-sep-clear\"><\/div><div class=\"fusion-text fusion-text-4\"><p style=\"text-align: center;\"><span style=\"font-family: tahoma,arial,helvetica,sans-serif;\"><span style=\"font-size: 10pt;\">F\u00fcr Ihre Anfrage, Bestellungen oder zus\u00e4tzliche <\/span><span style=\"font-size: 10pt;\">Informationen kontaktieren Sie bitte unsere <\/span><span style=\"font-size: 10pt;\">Verkaufsabteilung!<\/span><\/span><\/p>\n<\/div><div class=\"fusion-sep-clear\"><\/div><div class=\"fusion-separator fusion-full-width-sep\" style=\"margin-left: auto;margin-right: auto;margin-top:30px;width:100%;\"><\/div><div class=\"fusion-sep-clear\"><\/div><div class=\"fusion-clearfix\"><\/div><\/div><\/div><div class=\"fusion-layout-column fusion_builder_column fusion-builder-column-8 fusion_builder_column_1_3 1_3 fusion-one-third fusion-column-first\" style=\"--awb-bg-size:cover;width:33.333333333333%;width:calc(33.333333333333% - ( ( 4% + 4% ) * 0.33333333333333 ) );margin-right: 4%;\"><div class=\"fusion-column-wrapper fusion-flex-column-wrapper-legacy\"><div class=\"fusion-align-block\"><a class=\"fusion-button button-3d fusion-button-default-size button-lightgray fusion-button-lightgray button-1 fusion-button-span-yes \" target=\"_self\" href=\"https:\/\/pozgaj.eu\/de\/prodajna-mjesta\/salon-zagreb\/\"><span class=\"fusion-button-text\">Ausstellungsraum ZAGREB<\/span><i class=\" fa fa-share button-icon-right\" aria-hidden=\"true\"><\/i><\/a><\/div><div class=\"fusion-clearfix\"><\/div><\/div><\/div><div class=\"fusion-layout-column fusion_builder_column fusion-builder-column-9 fusion_builder_column_1_3 1_3 fusion-one-third\" style=\"--awb-bg-size:cover;width:33.333333333333%;width:calc(33.333333333333% - ( ( 4% + 4% ) * 0.33333333333333 ) );margin-right: 4%;\"><div class=\"fusion-column-wrapper fusion-flex-column-wrapper-legacy\"><div class=\"fusion-align-block\"><a class=\"fusion-button button-3d fusion-button-default-size button-lightgray fusion-button-lightgray button-2 fusion-button-span-yes \" target=\"_self\" href=\"https:\/\/pozgaj.eu\/de\/prodajna-mjesta\/salon-split\/?lang=de\"><span class=\"fusion-button-text\">Ausstellungsraum SPLIT<\/span><i class=\" fa fa-share button-icon-right\" aria-hidden=\"true\"><\/i><\/a><\/div><div class=\"fusion-clearfix\"><\/div><\/div><\/div><div class=\"fusion-layout-column fusion_builder_column fusion-builder-column-10 fusion_builder_column_1_3 1_3 fusion-one-third fusion-column-last\" style=\"--awb-bg-size:cover;width:33.333333333333%;width:calc(33.333333333333% - ( ( 4% + 4% ) * 0.33333333333333 ) );\"><div class=\"fusion-column-wrapper fusion-flex-column-wrapper-legacy\"><div class=\"fusion-align-block\"><a class=\"fusion-button button-3d fusion-button-default-size button-lightgray fusion-button-lightgray button-3 fusion-button-span-yes \" target=\"_self\" href=\"https:\/\/pozgaj.eu\/de\/prodajna-mjesta\/salon-varazdin\/\"><span class=\"fusion-button-text\">Ausstellungsraum VARA\u017dDIN<\/span><i class=\" fa fa-share button-icon-right\" aria-hidden=\"true\"><\/i><\/a><\/div><div class=\"fusion-clearfix\"><\/div><\/div><\/div><\/div><\/div>\n","protected":false},"excerpt":{"rendered":"","protected":false},"author":4,"featured_media":0,"parent":0,"menu_order":0,"comment_status":"closed","ping_status":"closed","template":"100-width.php","meta":{"footnotes":""},"yoast_head":"<!-- This site is optimized with the Yoast SEO plugin v21.1 - https:\/\/yoast.com\/wordpress\/plugins\/seo\/ -->\n<title>Lagerangebot - HOCKER &middot; PO\u017dGAJ grupa<\/title>\n<meta name=\"robots\" content=\"index, follow, max-snippet:-1, max-image-preview:large, max-video-preview:-1\" \/>\n<link rel=\"canonical\" href=\"https:\/\/pozgaj.eu\/lagerangebot-hocker\/\" \/>\n<meta property=\"og:locale\" content=\"de_DE\" \/>\n<meta property=\"og:type\" content=\"article\" \/>\n<meta property=\"og:title\" content=\"Lagerangebot - HOCKER &middot; PO\u017dGAJ grupa\" \/>\n<meta property=\"og:url\" content=\"https:\/\/pozgaj.eu\/lagerangebot-hocker\/\" \/>\n<meta property=\"og:site_name\" content=\"PO\u017dGAJ grupa\" \/>\n<meta property=\"article:publisher\" content=\"https:\/\/www.facebook.com\/POZGAJ-grupa-134026586637732\/\" \/>\n<meta property=\"article:modified_time\" content=\"2019-03-04T07:16:10+00:00\" \/>\n<meta name=\"twitter:card\" content=\"summary_large_image\" \/>\n<meta name=\"twitter:label1\" content=\"Gesch\u00e4tzte Lesezeit\" \/>\n\t<meta name=\"twitter:data1\" content=\"8\u00a0Minuten\" \/>\n<script type=\"application\/ld+json\" class=\"yoast-schema-graph\">{\"@context\":\"https:\/\/schema.org\",\"@graph\":[{\"@type\":\"WebPage\",\"@id\":\"https:\/\/pozgaj.eu\/lagerangebot-hocker\/\",\"url\":\"https:\/\/pozgaj.eu\/lagerangebot-hocker\/\",\"name\":\"Lagerangebot - HOCKER &middot; PO\u017dGAJ grupa\",\"isPartOf\":{\"@id\":\"https:\/\/pozgaj.eu\/#website\"},\"datePublished\":\"2019-02-19T14:15:33+00:00\",\"dateModified\":\"2019-03-04T07:16:10+00:00\",\"breadcrumb\":{\"@id\":\"https:\/\/pozgaj.eu\/lagerangebot-hocker\/#breadcrumb\"},\"inLanguage\":\"de\",\"potentialAction\":[{\"@type\":\"ReadAction\",\"target\":[\"https:\/\/pozgaj.eu\/lagerangebot-hocker\/\"]}]},{\"@type\":\"BreadcrumbList\",\"@id\":\"https:\/\/pozgaj.eu\/lagerangebot-hocker\/#breadcrumb\",\"itemListElement\":[{\"@type\":\"ListItem\",\"position\":1,\"name\":\"Home\",\"item\":\"https:\/\/pozgaj.eu\/de\/\"},{\"@type\":\"ListItem\",\"position\":2,\"name\":\"Lagerangebot &#8211; HOCKER\"}]},{\"@type\":\"WebSite\",\"@id\":\"https:\/\/pozgaj.eu\/#website\",\"url\":\"https:\/\/pozgaj.eu\/\",\"name\":\"PO\u017dGAJ grupa\",\"description\":\"WEB page POZGAJ group\",\"publisher\":{\"@id\":\"https:\/\/pozgaj.eu\/#organization\"},\"potentialAction\":[{\"@type\":\"SearchAction\",\"target\":{\"@type\":\"EntryPoint\",\"urlTemplate\":\"https:\/\/pozgaj.eu\/?s={search_term_string}\"},\"query-input\":\"required name=search_term_string\"}],\"inLanguage\":\"de\"},{\"@type\":\"Organization\",\"@id\":\"https:\/\/pozgaj.eu\/#organization\",\"name\":\"PO\u017dGAJ Grupa\",\"url\":\"https:\/\/pozgaj.eu\/\",\"logo\":{\"@type\":\"ImageObject\",\"inLanguage\":\"de\",\"@id\":\"https:\/\/pozgaj.eu\/#\/schema\/logo\/image\/\",\"url\":\"https:\/\/pozgaj.eu\/wp-content\/uploads\/2017\/10\/grupa_logo.png\",\"contentUrl\":\"https:\/\/pozgaj.eu\/wp-content\/uploads\/2017\/10\/grupa_logo.png\",\"width\":1141,\"height\":150,\"caption\":\"PO\u017dGAJ Grupa\"},\"image\":{\"@id\":\"https:\/\/pozgaj.eu\/#\/schema\/logo\/image\/\"},\"sameAs\":[\"https:\/\/www.facebook.com\/POZGAJ-grupa-134026586637732\/\",\"https:\/\/www.linkedin.com\/in\/pozgaj-grupa-78864523\/\"]}]}<\/script>\n<!-- \/ Yoast SEO plugin. -->","yoast_head_json":{"title":"Lagerangebot - HOCKER &middot; PO\u017dGAJ grupa","robots":{"index":"index","follow":"follow","max-snippet":"max-snippet:-1","max-image-preview":"max-image-preview:large","max-video-preview":"max-video-preview:-1"},"canonical":"https:\/\/pozgaj.eu\/lagerangebot-hocker\/","og_locale":"de_DE","og_type":"article","og_title":"Lagerangebot - HOCKER &middot; PO\u017dGAJ grupa","og_url":"https:\/\/pozgaj.eu\/lagerangebot-hocker\/","og_site_name":"PO\u017dGAJ grupa","article_publisher":"https:\/\/www.facebook.com\/POZGAJ-grupa-134026586637732\/","article_modified_time":"2019-03-04T07:16:10+00:00","twitter_card":"summary_large_image","twitter_misc":{"Gesch\u00e4tzte Lesezeit":"8\u00a0Minuten"},"schema":{"@context":"https:\/\/schema.org","@graph":[{"@type":"WebPage","@id":"https:\/\/pozgaj.eu\/lagerangebot-hocker\/","url":"https:\/\/pozgaj.eu\/lagerangebot-hocker\/","name":"Lagerangebot - HOCKER &middot; PO\u017dGAJ grupa","isPartOf":{"@id":"https:\/\/pozgaj.eu\/#website"},"datePublished":"2019-02-19T14:15:33+00:00","dateModified":"2019-03-04T07:16:10+00:00","breadcrumb":{"@id":"https:\/\/pozgaj.eu\/lagerangebot-hocker\/#breadcrumb"},"inLanguage":"de","potentialAction":[{"@type":"ReadAction","target":["https:\/\/pozgaj.eu\/lagerangebot-hocker\/"]}]},{"@type":"BreadcrumbList","@id":"https:\/\/pozgaj.eu\/lagerangebot-hocker\/#breadcrumb","itemListElement":[{"@type":"ListItem","position":1,"name":"Home","item":"https:\/\/pozgaj.eu\/de\/"},{"@type":"ListItem","position":2,"name":"Lagerangebot &#8211; HOCKER"}]},{"@type":"WebSite","@id":"https:\/\/pozgaj.eu\/#website","url":"https:\/\/pozgaj.eu\/","name":"PO\u017dGAJ grupa","description":"WEB page POZGAJ group","publisher":{"@id":"https:\/\/pozgaj.eu\/#organization"},"potentialAction":[{"@type":"SearchAction","target":{"@type":"EntryPoint","urlTemplate":"https:\/\/pozgaj.eu\/?s={search_term_string}"},"query-input":"required name=search_term_string"}],"inLanguage":"de"},{"@type":"Organization","@id":"https:\/\/pozgaj.eu\/#organization","name":"PO\u017dGAJ Grupa","url":"https:\/\/pozgaj.eu\/","logo":{"@type":"ImageObject","inLanguage":"de","@id":"https:\/\/pozgaj.eu\/#\/schema\/logo\/image\/","url":"https:\/\/pozgaj.eu\/wp-content\/uploads\/2017\/10\/grupa_logo.png","contentUrl":"https:\/\/pozgaj.eu\/wp-content\/uploads\/2017\/10\/grupa_logo.png","width":1141,"height":150,"caption":"PO\u017dGAJ Grupa"},"image":{"@id":"https:\/\/pozgaj.eu\/#\/schema\/logo\/image\/"},"sameAs":["https:\/\/www.facebook.com\/POZGAJ-grupa-134026586637732\/","https:\/\/www.linkedin.com\/in\/pozgaj-grupa-78864523\/"]}]}},"_links":{"self":[{"href":"https:\/\/pozgaj.eu\/de\/wp-json\/wp\/v2\/pages\/20170"}],"collection":[{"href":"https:\/\/pozgaj.eu\/de\/wp-json\/wp\/v2\/pages"}],"about":[{"href":"https:\/\/pozgaj.eu\/de\/wp-json\/wp\/v2\/types\/page"}],"author":[{"embeddable":true,"href":"https:\/\/pozgaj.eu\/de\/wp-json\/wp\/v2\/users\/4"}],"replies":[{"embeddable":true,"href":"https:\/\/pozgaj.eu\/de\/wp-json\/wp\/v2\/comments?post=20170"}],"version-history":[{"count":0,"href":"https:\/\/pozgaj.eu\/de\/wp-json\/wp\/v2\/pages\/20170\/revisions"}],"wp:attachment":[{"href":"https:\/\/pozgaj.eu\/de\/wp-json\/wp\/v2\/media?parent=20170"}],"curies":[{"name":"wp","href":"https:\/\/api.w.org\/{rel}","templated":true}]}}