{"id":16693,"date":"2018-02-27T10:42:38","date_gmt":"2018-02-27T09:42:38","guid":{"rendered":"https:\/\/pozgaj.eu\/proizvodi\/parket\/kollektion-fichte\/fischgrat-fichte\/"},"modified":"2018-02-27T11:03:28","modified_gmt":"2018-02-27T10:03:28","slug":"fischgrat-fichte","status":"publish","type":"page","link":"https:\/\/pozgaj.eu\/de\/parkett\/fischgrat-fichte\/","title":{"rendered":"Fischgr\u00e4t FICHTE"},"content":{"rendered":"<div class=\"fusion-fullwidth fullwidth-box fusion-builder-row-1 nonhundred-percent-fullwidth non-hundred-percent-height-scrolling\" style=\"--awb-border-radius-top-left:0px;--awb-border-radius-top-right:0px;--awb-border-radius-bottom-right:0px;--awb-border-radius-bottom-left:0px;--awb-flex-wrap:wrap;\" ><div class=\"fusion-builder-row fusion-row\"><div class=\"fusion-layout-column fusion_builder_column fusion-builder-column-0 fusion_builder_column_1_3 1_3 fusion-one-third fusion-column-first\" style=\"--awb-bg-size:cover;width:33.333333333333%;width:calc(33.333333333333% - ( ( 4% ) * 0.33333333333333 ) );margin-right: 4%;\"><div class=\"fusion-column-wrapper fusion-flex-column-wrapper-legacy\"><div class=\"fusion-image-element in-legacy-container\" style=\"--awb-caption-title-font-family:var(--h2_typography-font-family);--awb-caption-title-font-weight:var(--h2_typography-font-weight);--awb-caption-title-font-style:var(--h2_typography-font-style);--awb-caption-title-size:var(--h2_typography-font-size);--awb-caption-title-transform:var(--h2_typography-text-transform);--awb-caption-title-line-height:var(--h2_typography-line-height);--awb-caption-title-letter-spacing:var(--h2_typography-letter-spacing);\"><span class=\" fusion-imageframe imageframe-none imageframe-1 hover-type-none\"><a href=\"https:\/\/pozgaj.eu\/wp-content\/uploads\/2018\/02\/Uzorak-riblja-kost-1.jpg\" class=\"fusion-lightbox\" data-rel=\"lightbox-image-aUxpZ2h0Ym94Wzc4OTM0NjNlMTNlNWQxZjJiNDVd\" data-rl_title=\"\" data-rl_caption=\"\" data-title=\"Uzorak riblja kost\" title=\"\"><img decoding=\"async\" width=\"2605\" height=\"2506\" src=\"https:\/\/pozgaj.eu\/wp-content\/uploads\/2018\/02\/Uzorak-riblja-kost-1.jpg\" alt class=\"img-responsive wp-image-18078\" srcset=\"https:\/\/pozgaj.eu\/wp-content\/uploads\/2018\/02\/Uzorak-riblja-kost-1-200x192.jpg 200w, https:\/\/pozgaj.eu\/wp-content\/uploads\/2018\/02\/Uzorak-riblja-kost-1-400x385.jpg 400w, https:\/\/pozgaj.eu\/wp-content\/uploads\/2018\/02\/Uzorak-riblja-kost-1-600x577.jpg 600w, https:\/\/pozgaj.eu\/wp-content\/uploads\/2018\/02\/Uzorak-riblja-kost-1-800x770.jpg 800w, https:\/\/pozgaj.eu\/wp-content\/uploads\/2018\/02\/Uzorak-riblja-kost-1-1200x1154.jpg 1200w, https:\/\/pozgaj.eu\/wp-content\/uploads\/2018\/02\/Uzorak-riblja-kost-1.jpg 2605w\" sizes=\"(max-width: 800px) 100vw, 600px\" \/><\/a><\/span><\/div><div class=\"fusion-clearfix\"><\/div><\/div><\/div><div class=\"fusion-layout-column fusion_builder_column fusion-builder-column-1 fusion_builder_column_2_3 2_3 fusion-two-third fusion-column-last\" style=\"--awb-bg-size:cover;width:66.666666666667%;width:calc(66.666666666667% - ( ( 4% ) * 0.66666666666667 ) );\"><div class=\"fusion-column-wrapper fusion-flex-column-wrapper-legacy\"><div class=\"fusion-text fusion-text-1\"><p><span style=\"color: #000000; font-family: tahoma,arial,helvetica,sans-serif; font-size: 10pt;\">Die Symmetrie des Parketts im beliebten Zick-zack-Muster hebt die Eleganz hervor, betont den traditionellen Look, und bringt somit den Stil im modernen Innenraum zum Ausdruck.<\/span><br \/>\n<span style=\"color: #000000; font-family: tahoma,arial,helvetica,sans-serif; font-size: 10pt;\"> Die Gesamtst\u00e4rke des 2-Schichtparketts FISCHGR\u00c4T betr\u00e4gt 15 mm.\u00a0<\/span><br \/>\n<span style=\"color: #000000; font-family: tahoma,arial,helvetica,sans-serif; font-size: 10pt;\"> Er ist in der Abmessung 15x200x1000 mm verf\u00fcgbar.<\/span><br \/>\n<span style=\"color: #000000; font-family: tahoma,arial,helvetica,sans-serif; font-size: 10pt;\"> Standardm\u00e4ssig wird es mit gerundeten Kanten hergestellt (sogenannte Fase).<\/span><br \/>\n<span style=\"color: #000000; font-family: tahoma,arial,helvetica,sans-serif; font-size: 10pt;\"> Die Dielen werden durch Nut und Feder miteinander verbunden.<\/span><br \/>\n<span style=\"color: #000000; font-family: tahoma,arial,helvetica,sans-serif; font-size: 10pt;\"> Es wird zur Verlegung im Fischgr\u00e4tmuster geliefert (jeweils dieselbe Anzahl von Dielen im linken und rechten Profil). <\/span><br \/>\n<span style=\"color: #000000; font-family: tahoma,arial,helvetica,sans-serif; font-size: 10pt;\"> Es ist zur Verlegung auf B\u00f6den mit Bodenheizung geeignet.<\/span><br \/>\n<span style=\"color: #000000; font-family: tahoma,arial,helvetica,sans-serif; font-size: 10pt;\">Er ist in die Sortierungen Natur und Rustik verf\u00fcgbar.<\/span><span style=\"color: #000000; font-family: tahoma,arial,helvetica,sans-serif; font-size: 10pt;\">Er ist nur in WEISS GEOELT Oberfl\u00e4che verf\u00fcgbar.<\/span><\/p>\n<p>&nbsp;<\/p>\n<\/div><div class=\"fusion-clearfix\"><\/div><\/div><\/div><\/div><\/div>\n","protected":false},"excerpt":{"rendered":"","protected":false},"author":4,"featured_media":0,"parent":11339,"menu_order":0,"comment_status":"closed","ping_status":"closed","template":"side-navigation.php","meta":{"footnotes":""},"yoast_head":"<!-- This site is optimized with the Yoast SEO plugin v21.1 - https:\/\/yoast.com\/wordpress\/plugins\/seo\/ -->\n<title>Fischgr\u00e4t FICHTE &middot; PO\u017dGAJ grupa<\/title>\n<meta name=\"robots\" content=\"index, follow, max-snippet:-1, max-image-preview:large, max-video-preview:-1\" \/>\n<link rel=\"canonical\" href=\"https:\/\/pozgaj.eu\/parkett\/kollektion-fichte\/fischgrat-fichte\/\" \/>\n<meta property=\"og:locale\" content=\"de_DE\" \/>\n<meta property=\"og:type\" content=\"article\" \/>\n<meta property=\"og:title\" content=\"Fischgr\u00e4t FICHTE &middot; PO\u017dGAJ grupa\" \/>\n<meta property=\"og:url\" content=\"https:\/\/pozgaj.eu\/parkett\/kollektion-fichte\/fischgrat-fichte\/\" \/>\n<meta property=\"og:site_name\" content=\"PO\u017dGAJ grupa\" \/>\n<meta property=\"article:publisher\" content=\"https:\/\/www.facebook.com\/POZGAJ-grupa-134026586637732\/\" \/>\n<meta property=\"article:modified_time\" content=\"2018-02-27T10:03:28+00:00\" \/>\n<meta name=\"twitter:card\" content=\"summary_large_image\" \/>\n<meta name=\"twitter:label1\" content=\"Gesch\u00e4tzte Lesezeit\" \/>\n\t<meta name=\"twitter:data1\" content=\"2\u00a0Minuten\" \/>\n<script type=\"application\/ld+json\" class=\"yoast-schema-graph\">{\"@context\":\"https:\/\/schema.org\",\"@graph\":[{\"@type\":\"WebPage\",\"@id\":\"https:\/\/pozgaj.eu\/parkett\/kollektion-fichte\/fischgrat-fichte\/\",\"url\":\"https:\/\/pozgaj.eu\/parkett\/kollektion-fichte\/fischgrat-fichte\/\",\"name\":\"Fischgr\u00e4t FICHTE &middot; PO\u017dGAJ grupa\",\"isPartOf\":{\"@id\":\"https:\/\/pozgaj.eu\/#website\"},\"datePublished\":\"2018-02-27T09:42:38+00:00\",\"dateModified\":\"2018-02-27T10:03:28+00:00\",\"breadcrumb\":{\"@id\":\"https:\/\/pozgaj.eu\/parkett\/kollektion-fichte\/fischgrat-fichte\/#breadcrumb\"},\"inLanguage\":\"de\",\"potentialAction\":[{\"@type\":\"ReadAction\",\"target\":[\"https:\/\/pozgaj.eu\/parkett\/kollektion-fichte\/fischgrat-fichte\/\"]}]},{\"@type\":\"BreadcrumbList\",\"@id\":\"https:\/\/pozgaj.eu\/parkett\/kollektion-fichte\/fischgrat-fichte\/#breadcrumb\",\"itemListElement\":[{\"@type\":\"ListItem\",\"position\":1,\"name\":\"Home\",\"item\":\"https:\/\/pozgaj.eu\/de\/\"},{\"@type\":\"ListItem\",\"position\":2,\"name\":\"Parkett\",\"item\":\"https:\/\/pozgaj.eu\/parkett\/\"},{\"@type\":\"ListItem\",\"position\":3,\"name\":\"Kollektion FICHTE\",\"item\":\"https:\/\/pozgaj.eu\/parkett\/kollektion-fichte\/\"},{\"@type\":\"ListItem\",\"position\":4,\"name\":\"Fischgr\u00e4t FICHTE\"}]},{\"@type\":\"WebSite\",\"@id\":\"https:\/\/pozgaj.eu\/#website\",\"url\":\"https:\/\/pozgaj.eu\/\",\"name\":\"PO\u017dGAJ grupa\",\"description\":\"WEB page POZGAJ group\",\"publisher\":{\"@id\":\"https:\/\/pozgaj.eu\/#organization\"},\"potentialAction\":[{\"@type\":\"SearchAction\",\"target\":{\"@type\":\"EntryPoint\",\"urlTemplate\":\"https:\/\/pozgaj.eu\/?s={search_term_string}\"},\"query-input\":\"required name=search_term_string\"}],\"inLanguage\":\"de\"},{\"@type\":\"Organization\",\"@id\":\"https:\/\/pozgaj.eu\/#organization\",\"name\":\"PO\u017dGAJ Grupa\",\"url\":\"https:\/\/pozgaj.eu\/\",\"logo\":{\"@type\":\"ImageObject\",\"inLanguage\":\"de\",\"@id\":\"https:\/\/pozgaj.eu\/#\/schema\/logo\/image\/\",\"url\":\"https:\/\/pozgaj.eu\/wp-content\/uploads\/2017\/10\/grupa_logo.png\",\"contentUrl\":\"https:\/\/pozgaj.eu\/wp-content\/uploads\/2017\/10\/grupa_logo.png\",\"width\":1141,\"height\":150,\"caption\":\"PO\u017dGAJ Grupa\"},\"image\":{\"@id\":\"https:\/\/pozgaj.eu\/#\/schema\/logo\/image\/\"},\"sameAs\":[\"https:\/\/www.facebook.com\/POZGAJ-grupa-134026586637732\/\",\"https:\/\/www.linkedin.com\/in\/pozgaj-grupa-78864523\/\"]}]}<\/script>\n<!-- \/ Yoast SEO plugin. -->","yoast_head_json":{"title":"Fischgr\u00e4t FICHTE &middot; PO\u017dGAJ grupa","robots":{"index":"index","follow":"follow","max-snippet":"max-snippet:-1","max-image-preview":"max-image-preview:large","max-video-preview":"max-video-preview:-1"},"canonical":"https:\/\/pozgaj.eu\/parkett\/kollektion-fichte\/fischgrat-fichte\/","og_locale":"de_DE","og_type":"article","og_title":"Fischgr\u00e4t FICHTE &middot; PO\u017dGAJ grupa","og_url":"https:\/\/pozgaj.eu\/parkett\/kollektion-fichte\/fischgrat-fichte\/","og_site_name":"PO\u017dGAJ grupa","article_publisher":"https:\/\/www.facebook.com\/POZGAJ-grupa-134026586637732\/","article_modified_time":"2018-02-27T10:03:28+00:00","twitter_card":"summary_large_image","twitter_misc":{"Gesch\u00e4tzte Lesezeit":"2\u00a0Minuten"},"schema":{"@context":"https:\/\/schema.org","@graph":[{"@type":"WebPage","@id":"https:\/\/pozgaj.eu\/parkett\/kollektion-fichte\/fischgrat-fichte\/","url":"https:\/\/pozgaj.eu\/parkett\/kollektion-fichte\/fischgrat-fichte\/","name":"Fischgr\u00e4t FICHTE &middot; PO\u017dGAJ grupa","isPartOf":{"@id":"https:\/\/pozgaj.eu\/#website"},"datePublished":"2018-02-27T09:42:38+00:00","dateModified":"2018-02-27T10:03:28+00:00","breadcrumb":{"@id":"https:\/\/pozgaj.eu\/parkett\/kollektion-fichte\/fischgrat-fichte\/#breadcrumb"},"inLanguage":"de","potentialAction":[{"@type":"ReadAction","target":["https:\/\/pozgaj.eu\/parkett\/kollektion-fichte\/fischgrat-fichte\/"]}]},{"@type":"BreadcrumbList","@id":"https:\/\/pozgaj.eu\/parkett\/kollektion-fichte\/fischgrat-fichte\/#breadcrumb","itemListElement":[{"@type":"ListItem","position":1,"name":"Home","item":"https:\/\/pozgaj.eu\/de\/"},{"@type":"ListItem","position":2,"name":"Parkett","item":"https:\/\/pozgaj.eu\/parkett\/"},{"@type":"ListItem","position":3,"name":"Kollektion FICHTE","item":"https:\/\/pozgaj.eu\/parkett\/kollektion-fichte\/"},{"@type":"ListItem","position":4,"name":"Fischgr\u00e4t FICHTE"}]},{"@type":"WebSite","@id":"https:\/\/pozgaj.eu\/#website","url":"https:\/\/pozgaj.eu\/","name":"PO\u017dGAJ grupa","description":"WEB page POZGAJ group","publisher":{"@id":"https:\/\/pozgaj.eu\/#organization"},"potentialAction":[{"@type":"SearchAction","target":{"@type":"EntryPoint","urlTemplate":"https:\/\/pozgaj.eu\/?s={search_term_string}"},"query-input":"required name=search_term_string"}],"inLanguage":"de"},{"@type":"Organization","@id":"https:\/\/pozgaj.eu\/#organization","name":"PO\u017dGAJ Grupa","url":"https:\/\/pozgaj.eu\/","logo":{"@type":"ImageObject","inLanguage":"de","@id":"https:\/\/pozgaj.eu\/#\/schema\/logo\/image\/","url":"https:\/\/pozgaj.eu\/wp-content\/uploads\/2017\/10\/grupa_logo.png","contentUrl":"https:\/\/pozgaj.eu\/wp-content\/uploads\/2017\/10\/grupa_logo.png","width":1141,"height":150,"caption":"PO\u017dGAJ Grupa"},"image":{"@id":"https:\/\/pozgaj.eu\/#\/schema\/logo\/image\/"},"sameAs":["https:\/\/www.facebook.com\/POZGAJ-grupa-134026586637732\/","https:\/\/www.linkedin.com\/in\/pozgaj-grupa-78864523\/"]}]}},"_links":{"self":[{"href":"https:\/\/pozgaj.eu\/de\/wp-json\/wp\/v2\/pages\/16693"}],"collection":[{"href":"https:\/\/pozgaj.eu\/de\/wp-json\/wp\/v2\/pages"}],"about":[{"href":"https:\/\/pozgaj.eu\/de\/wp-json\/wp\/v2\/types\/page"}],"author":[{"embeddable":true,"href":"https:\/\/pozgaj.eu\/de\/wp-json\/wp\/v2\/users\/4"}],"replies":[{"embeddable":true,"href":"https:\/\/pozgaj.eu\/de\/wp-json\/wp\/v2\/comments?post=16693"}],"version-history":[{"count":0,"href":"https:\/\/pozgaj.eu\/de\/wp-json\/wp\/v2\/pages\/16693\/revisions"}],"up":[{"embeddable":true,"href":"https:\/\/pozgaj.eu\/de\/wp-json\/wp\/v2\/pages\/11339"}],"wp:attachment":[{"href":"https:\/\/pozgaj.eu\/de\/wp-json\/wp\/v2\/media?parent=16693"}],"curies":[{"name":"wp","href":"https:\/\/api.w.org\/{rel}","templated":true}]}}