{"id":16630,"date":"2018-02-27T10:14:19","date_gmt":"2018-02-27T09:14:19","guid":{"rendered":"https:\/\/pozgaj.eu\/proizvodi\/parket\/kollektion-fichte\/"},"modified":"2018-03-12T13:29:06","modified_gmt":"2018-03-12T12:29:06","slug":"kollektion-fichte","status":"publish","type":"page","link":"https:\/\/pozgaj.eu\/de\/parkett\/kollektion-fichte\/","title":{"rendered":"Kollektion FICHTE"},"content":{"rendered":"<div class=\"fusion-fullwidth fullwidth-box fusion-builder-row-1 nonhundred-percent-fullwidth non-hundred-percent-height-scrolling\" style=\"--awb-border-radius-top-left:0px;--awb-border-radius-top-right:0px;--awb-border-radius-bottom-right:0px;--awb-border-radius-bottom-left:0px;--awb-flex-wrap:wrap;\" ><div class=\"fusion-builder-row fusion-row\"><div class=\"fusion-layout-column fusion_builder_column fusion-builder-column-0 fusion_builder_column_1_2 1_2 fusion-one-half fusion-column-first\" style=\"--awb-bg-size:cover;width:50%;width:calc(50% - ( ( 4% ) * 0.5 ) );margin-right: 4%;\"><div class=\"fusion-column-wrapper fusion-flex-column-wrapper-legacy\"><div class=\"fusion-image-element in-legacy-container\" style=\"--awb-caption-title-font-family:var(--h2_typography-font-family);--awb-caption-title-font-weight:var(--h2_typography-font-weight);--awb-caption-title-font-style:var(--h2_typography-font-style);--awb-caption-title-size:var(--h2_typography-font-size);--awb-caption-title-transform:var(--h2_typography-text-transform);--awb-caption-title-line-height:var(--h2_typography-line-height);--awb-caption-title-letter-spacing:var(--h2_typography-letter-spacing);\"><span class=\" fusion-imageframe imageframe-none imageframe-1 hover-type-none\"><a href=\"https:\/\/pozgaj.eu\/wp-content\/uploads\/2018\/02\/Jela.jpg\" class=\"fusion-lightbox\" data-rel=\"lightbox-image-aUxpZ2h0Ym94W2RjYzc2MTEyOTg5ZDAxNzU4ZGFd\" data-rl_title=\"\" data-rl_caption=\"\" data-title=\"Jela\" title=\"\"><img decoding=\"async\" width=\"1260\" height=\"757\" src=\"https:\/\/pozgaj.eu\/wp-content\/uploads\/2018\/02\/Jela.jpg\" alt class=\"img-responsive wp-image-18128\" srcset=\"https:\/\/pozgaj.eu\/wp-content\/uploads\/2018\/02\/Jela-200x120.jpg 200w, https:\/\/pozgaj.eu\/wp-content\/uploads\/2018\/02\/Jela-400x240.jpg 400w, https:\/\/pozgaj.eu\/wp-content\/uploads\/2018\/02\/Jela-600x360.jpg 600w, https:\/\/pozgaj.eu\/wp-content\/uploads\/2018\/02\/Jela-800x481.jpg 800w, https:\/\/pozgaj.eu\/wp-content\/uploads\/2018\/02\/Jela-1200x721.jpg 1200w, https:\/\/pozgaj.eu\/wp-content\/uploads\/2018\/02\/Jela.jpg 1260w\" sizes=\"(max-width: 800px) 100vw, 800px\" \/><\/a><\/span><\/div><div class=\"fusion-image-element in-legacy-container\" style=\"--awb-caption-title-font-family:var(--h2_typography-font-family);--awb-caption-title-font-weight:var(--h2_typography-font-weight);--awb-caption-title-font-style:var(--h2_typography-font-style);--awb-caption-title-size:var(--h2_typography-font-size);--awb-caption-title-transform:var(--h2_typography-text-transform);--awb-caption-title-line-height:var(--h2_typography-line-height);--awb-caption-title-letter-spacing:var(--h2_typography-letter-spacing);\"><span class=\" fusion-imageframe imageframe-none imageframe-2 hover-type-none\"><a href=\"https:\/\/pozgaj.eu\/wp-content\/uploads\/2018\/02\/Presjek-Ricco-jela.jpg\" class=\"fusion-lightbox\" data-rel=\"lightbox-image-aUxpZ2h0Ym94WzgxNzBlYTZiNzZhNmZiMjg5ZmZd\" data-rl_title=\"\" data-rl_caption=\"\" data-title=\"Presjek Ricco jela\" title=\"\"><img decoding=\"async\" width=\"1280\" height=\"291\" src=\"https:\/\/pozgaj.eu\/wp-content\/uploads\/2018\/02\/Presjek-Ricco-jela.jpg\" alt class=\"img-responsive wp-image-18140\" srcset=\"https:\/\/pozgaj.eu\/wp-content\/uploads\/2018\/02\/Presjek-Ricco-jela-200x45.jpg 200w, https:\/\/pozgaj.eu\/wp-content\/uploads\/2018\/02\/Presjek-Ricco-jela-400x91.jpg 400w, https:\/\/pozgaj.eu\/wp-content\/uploads\/2018\/02\/Presjek-Ricco-jela-600x136.jpg 600w, https:\/\/pozgaj.eu\/wp-content\/uploads\/2018\/02\/Presjek-Ricco-jela-800x182.jpg 800w, https:\/\/pozgaj.eu\/wp-content\/uploads\/2018\/02\/Presjek-Ricco-jela-1200x273.jpg 1200w, https:\/\/pozgaj.eu\/wp-content\/uploads\/2018\/02\/Presjek-Ricco-jela.jpg 1280w\" sizes=\"(max-width: 800px) 100vw, 800px\" \/><\/a><\/span><\/div><div class=\"fusion-clearfix\"><\/div><\/div><\/div><div class=\"fusion-layout-column fusion_builder_column fusion-builder-column-1 fusion_builder_column_1_2 1_2 fusion-one-half fusion-column-last\" style=\"--awb-bg-size:cover;width:50%;width:calc(50% - ( ( 4% ) * 0.5 ) );\"><div class=\"fusion-column-wrapper fusion-flex-column-wrapper-legacy\"><div class=\"fusion-text fusion-text-1\"><p style=\"text-align: center;\"><span style=\"color: #333333;\"><strong><span style=\"font-family: tahoma, arial, helvetica, sans-serif; font-size: 14pt;\">XXL Landhausdiele<\/span><\/strong><\/span><\/p>\n<p style=\"text-align: center;\"><span style=\"color: #333333;\"><strong><span style=\"font-family: tahoma, arial, helvetica, sans-serif; font-size: 14pt;\">MORELLO RICCO<\/span><\/strong><\/span><\/p>\n<p>\u00a0<\/p>\n<\/div><div class=\"fusion-text fusion-text-2\"><p><span style=\"color: #000000; font-family: tahoma,arial,helvetica,sans-serif; font-size: 10pt;\">Das Holzparkett MORELLO RICCO ist nicht nur durch seine Abmessungen beeindruckend, sondern auch durch seine Eigenschaften! Mit der Gesamtst\u00e4rke von 20 mm stellt er eine pr\u00e4valente Alternative zum Massivparkett dar. Zur aussergew\u00f6hnlichen Stabilit\u00e4t dieses Parketts tragen haupts\u00e4chlich die perfekte Balance und gleichm\u00e4ssige Feuchtigkeit zwischen allen drei querverleimten Schichten bei.<\/span><\/p>\n<\/div><div class=\"fusion-aligncenter\"><a class=\"fusion-button button-flat fusion-button-default-size button-default fusion-button-default button-1 fusion-button-default-span fusion-button-default-type\" style=\"--button-border-radius-top-left:0;--button-border-radius-top-right:0;--button-border-radius-bottom-right:0;--button-border-radius-bottom-left:0;\" target=\"_self\" href=\"\/de\/parket\/kollektion-esche\/morello-ricco\/\"><span class=\"fusion-button-text\">Mehr dazu&#8230;<\/span><\/a><\/div><div class=\"fusion-clearfix\"><\/div><\/div><\/div><div class=\"fusion-layout-column fusion_builder_column fusion-builder-column-2 fusion_builder_column_1_1 1_1 fusion-one-full fusion-column-first fusion-column-last\" style=\"--awb-bg-size:cover;\"><div class=\"fusion-column-wrapper fusion-flex-column-wrapper-legacy\"><div class=\"fusion-sep-clear\"><\/div><div class=\"fusion-separator fusion-full-width-sep\" style=\"margin-left: auto;margin-right: auto;width:100%;\"><div class=\"fusion-separator-border sep-shadow\" style=\"--awb-height:20px;--awb-amount:20px;background:radial-gradient(ellipse at 50% -50% , #e0dede 0px, rgba(255, 255, 255, 0) 80%) repeat scroll 0 0 rgba(0, 0, 0, 0);background:-webkit-radial-gradient(ellipse at 50% -50% , #e0dede 0px, rgba(255, 255, 255, 0) 80%) repeat scroll 0 0 rgba(0, 0, 0, 0);background:-moz-radial-gradient(ellipse at 50% -50% , #e0dede 0px, rgba(255, 255, 255, 0) 80%) repeat scroll 0 0 rgba(0, 0, 0, 0);background:-o-radial-gradient(ellipse at 50% -50% , #e0dede 0px, rgba(255, 255, 255, 0) 80%) repeat scroll 0 0 rgba(0, 0, 0, 0);\"><\/div><\/div><div class=\"fusion-sep-clear\"><\/div><div class=\"fusion-clearfix\"><\/div><\/div><\/div><div class=\"fusion-layout-column fusion_builder_column fusion-builder-column-3 fusion_builder_column_1_2 1_2 fusion-one-half fusion-column-first\" style=\"--awb-bg-size:cover;width:50%;width:calc(50% - ( ( 4% ) * 0.5 ) );margin-right: 4%;\"><div class=\"fusion-column-wrapper fusion-flex-column-wrapper-legacy\"><div class=\"fusion-clearfix\"><\/div><\/div><\/div><div class=\"fusion-layout-column fusion_builder_column fusion-builder-column-4 fusion_builder_column_1_2 1_2 fusion-one-half fusion-column-last\" style=\"--awb-bg-size:cover;width:50%;width:calc(50% - ( ( 4% ) * 0.5 ) );\"><div class=\"fusion-column-wrapper fusion-flex-column-wrapper-legacy\"><div class=\"fusion-text fusion-text-3\"><p style=\"text-align: center;\"><strong><span style=\"font-family: tahoma, arial, helvetica, sans-serif; font-size: 14pt; color: #333333;\">3-Schicht Landhausdiele<\/span><\/strong><\/p>\n<p style=\"text-align: center;\"><strong><span style=\"font-family: tahoma, arial, helvetica, sans-serif; font-size: 14pt; color: #333333;\">MORELLO OTTIMO<\/span><\/strong><\/p>\n<p>\u00a0<\/p>\n<\/div><div class=\"fusion-text fusion-text-4\"><p><span style=\"color: #000000; font-family: tahoma,arial,helvetica,sans-serif; font-size: 10pt;\">Massivholzboden ist die Bezeichnung f\u00fcr Parkett in gr\u00f6sserer Abmessung, welcher in der Vergangenheit in massiver Form in Schl\u00f6ssern und wohlhabenden l\u00e4ndlichen H\u00e4ushalten zu finden war. Massivholzboden war immer ein Zeichen von Reichtum, und selbst heute noch tr\u00e4gt Parkett in gr\u00f6sserem Format zu einen Hauch von Luxus bei. Am besten kommt er in gr\u00f6sseren, offen gestaltenen R\u00e4umlichkeiten zum Ausdruck.<\/span><\/p>\n<\/div><div class=\"fusion-aligncenter\"><a class=\"fusion-button button-flat fusion-button-default-size button-default fusion-button-default button-2 fusion-button-default-span fusion-button-default-type\" style=\"--button-border-radius-top-left:0;--button-border-radius-top-right:0;--button-border-radius-bottom-right:0;--button-border-radius-bottom-left:0;\" target=\"_self\" href=\"\/de\/parket\/kollektion-fichte\/morello-ottimo\/\"><span class=\"fusion-button-text\">Mehr dazu...<\/span><\/a><\/div><div class=\"fusion-clearfix\"><\/div><\/div><\/div><div class=\"fusion-layout-column fusion_builder_column fusion-builder-column-5 fusion_builder_column_1_1 1_1 fusion-one-full fusion-column-first fusion-column-last\" style=\"--awb-bg-size:cover;\"><div class=\"fusion-column-wrapper fusion-flex-column-wrapper-legacy\"><div class=\"fusion-sep-clear\"><\/div><div class=\"fusion-separator fusion-full-width-sep\" style=\"margin-left: auto;margin-right: auto;width:100%;\"><div class=\"fusion-separator-border sep-shadow\" style=\"--awb-height:20px;--awb-amount:20px;background:radial-gradient(ellipse at 50% -50% , #e0dede 0px, rgba(255, 255, 255, 0) 80%) repeat scroll 0 0 rgba(0, 0, 0, 0);background:-webkit-radial-gradient(ellipse at 50% -50% , #e0dede 0px, rgba(255, 255, 255, 0) 80%) repeat scroll 0 0 rgba(0, 0, 0, 0);background:-moz-radial-gradient(ellipse at 50% -50% , #e0dede 0px, rgba(255, 255, 255, 0) 80%) repeat scroll 0 0 rgba(0, 0, 0, 0);background:-o-radial-gradient(ellipse at 50% -50% , #e0dede 0px, rgba(255, 255, 255, 0) 80%) repeat scroll 0 0 rgba(0, 0, 0, 0);\"><\/div><\/div><div class=\"fusion-sep-clear\"><\/div><div class=\"fusion-clearfix\"><\/div><\/div><\/div><div class=\"fusion-layout-column fusion_builder_column fusion-builder-column-6 fusion_builder_column_1_2 1_2 fusion-one-half fusion-column-first\" style=\"--awb-bg-size:cover;width:50%;width:calc(50% - ( ( 4% ) * 0.5 ) );margin-right: 4%;\"><div class=\"fusion-column-wrapper fusion-flex-column-wrapper-legacy\"><div class=\"fusion-clearfix\"><\/div><\/div><\/div><div class=\"fusion-layout-column fusion_builder_column fusion-builder-column-7 fusion_builder_column_1_2 1_2 fusion-one-half fusion-column-last\" style=\"--awb-bg-size:cover;width:50%;width:calc(50% - ( ( 4% ) * 0.5 ) );\"><div class=\"fusion-column-wrapper fusion-flex-column-wrapper-legacy\"><div class=\"fusion-text fusion-text-5\"><p style=\"text-align: center;\"><span style=\"color: #333333;\"><strong><span style=\"font-family: tahoma, arial, helvetica, sans-serif; font-size: 14pt;\">2-Schicht Parkett\u00a0<\/span><\/strong><\/span><\/p>\n<p style=\"text-align: center;\"><span style=\"color: #333333;\"><strong><span style=\"font-family: tahoma, arial, helvetica, sans-serif; font-size: 14pt;\">FISCHGR\u00c4T<\/span><\/strong><\/span><\/p>\n<p>\u00a0<\/p>\n<\/div><div class=\"fusion-text fusion-text-6\"><p><span style=\"color: #000000; font-family: tahoma,arial,helvetica,sans-serif; font-size: 10pt;\">Parkett in sich wiederholenden geometrischen Mustern ist seit Jahrhunderten vorhanden, und als Trend ist er in den letzten Jahren wieder aufgelebt und wurde zu einem Synonym von hervorragenden Designerr\u00e4umlichkeiten. Das Holzparkett HERRINGBONE ist unsere Antwort auf diesen Trend und repr\u00e4sentiert 2-Schichtparkett in innovativen, modernen Abmessungen welches in Form der sogenannten Fischgr\u00e4te verlegt wird.<\/span><\/p>\n<\/div><div class=\"fusion-aligncenter\"><a class=\"fusion-button button-flat fusion-button-default-size button-default fusion-button-default button-3 fusion-button-default-span fusion-button-default-type\" style=\"--button-border-radius-top-left:0;--button-border-radius-top-right:0;--button-border-radius-bottom-right:0;--button-border-radius-bottom-left:0;\" target=\"_self\" href=\"\/de\/parket\/kollektion-fichte\/fischgrat-fichte\/\"><span class=\"fusion-button-text\">Mehr dazu...<\/span><\/a><\/div><div class=\"fusion-clearfix\"><\/div><\/div><\/div><\/div><\/div>\n","protected":false},"excerpt":{"rendered":"","protected":false},"author":4,"featured_media":0,"parent":11339,"menu_order":0,"comment_status":"closed","ping_status":"closed","template":"side-navigation.php","meta":{"footnotes":""},"yoast_head":"<!-- This site is optimized with the Yoast SEO plugin v21.1 - https:\/\/yoast.com\/wordpress\/plugins\/seo\/ -->\n<title>Kollektion FICHTE &middot; PO\u017dGAJ grupa<\/title>\n<meta name=\"robots\" content=\"index, follow, max-snippet:-1, max-image-preview:large, max-video-preview:-1\" \/>\n<link rel=\"canonical\" href=\"https:\/\/pozgaj.eu\/parkett\/kollektion-fichte\/\" \/>\n<meta property=\"og:locale\" content=\"de_DE\" \/>\n<meta property=\"og:type\" content=\"article\" \/>\n<meta property=\"og:title\" content=\"Kollektion FICHTE &middot; PO\u017dGAJ grupa\" \/>\n<meta property=\"og:url\" content=\"https:\/\/pozgaj.eu\/parkett\/kollektion-fichte\/\" \/>\n<meta property=\"og:site_name\" content=\"PO\u017dGAJ grupa\" \/>\n<meta property=\"article:publisher\" content=\"https:\/\/www.facebook.com\/POZGAJ-grupa-134026586637732\/\" \/>\n<meta property=\"article:modified_time\" content=\"2018-03-12T12:29:06+00:00\" \/>\n<meta name=\"twitter:card\" content=\"summary_large_image\" \/>\n<meta name=\"twitter:label1\" content=\"Gesch\u00e4tzte Lesezeit\" \/>\n\t<meta name=\"twitter:data1\" content=\"6\u00a0Minuten\" \/>\n<script type=\"application\/ld+json\" class=\"yoast-schema-graph\">{\"@context\":\"https:\/\/schema.org\",\"@graph\":[{\"@type\":\"WebPage\",\"@id\":\"https:\/\/pozgaj.eu\/parkett\/kollektion-fichte\/\",\"url\":\"https:\/\/pozgaj.eu\/parkett\/kollektion-fichte\/\",\"name\":\"Kollektion FICHTE &middot; PO\u017dGAJ grupa\",\"isPartOf\":{\"@id\":\"https:\/\/pozgaj.eu\/#website\"},\"datePublished\":\"2018-02-27T09:14:19+00:00\",\"dateModified\":\"2018-03-12T12:29:06+00:00\",\"breadcrumb\":{\"@id\":\"https:\/\/pozgaj.eu\/parkett\/kollektion-fichte\/#breadcrumb\"},\"inLanguage\":\"de\",\"potentialAction\":[{\"@type\":\"ReadAction\",\"target\":[\"https:\/\/pozgaj.eu\/parkett\/kollektion-fichte\/\"]}]},{\"@type\":\"BreadcrumbList\",\"@id\":\"https:\/\/pozgaj.eu\/parkett\/kollektion-fichte\/#breadcrumb\",\"itemListElement\":[{\"@type\":\"ListItem\",\"position\":1,\"name\":\"Home\",\"item\":\"https:\/\/pozgaj.eu\/de\/\"},{\"@type\":\"ListItem\",\"position\":2,\"name\":\"Parkett\",\"item\":\"https:\/\/pozgaj.eu\/parkett\/\"},{\"@type\":\"ListItem\",\"position\":3,\"name\":\"Kollektion FICHTE\"}]},{\"@type\":\"WebSite\",\"@id\":\"https:\/\/pozgaj.eu\/#website\",\"url\":\"https:\/\/pozgaj.eu\/\",\"name\":\"PO\u017dGAJ grupa\",\"description\":\"WEB page POZGAJ group\",\"publisher\":{\"@id\":\"https:\/\/pozgaj.eu\/#organization\"},\"potentialAction\":[{\"@type\":\"SearchAction\",\"target\":{\"@type\":\"EntryPoint\",\"urlTemplate\":\"https:\/\/pozgaj.eu\/?s={search_term_string}\"},\"query-input\":\"required name=search_term_string\"}],\"inLanguage\":\"de\"},{\"@type\":\"Organization\",\"@id\":\"https:\/\/pozgaj.eu\/#organization\",\"name\":\"PO\u017dGAJ Grupa\",\"url\":\"https:\/\/pozgaj.eu\/\",\"logo\":{\"@type\":\"ImageObject\",\"inLanguage\":\"de\",\"@id\":\"https:\/\/pozgaj.eu\/#\/schema\/logo\/image\/\",\"url\":\"https:\/\/pozgaj.eu\/wp-content\/uploads\/2017\/10\/grupa_logo.png\",\"contentUrl\":\"https:\/\/pozgaj.eu\/wp-content\/uploads\/2017\/10\/grupa_logo.png\",\"width\":1141,\"height\":150,\"caption\":\"PO\u017dGAJ Grupa\"},\"image\":{\"@id\":\"https:\/\/pozgaj.eu\/#\/schema\/logo\/image\/\"},\"sameAs\":[\"https:\/\/www.facebook.com\/POZGAJ-grupa-134026586637732\/\",\"https:\/\/www.linkedin.com\/in\/pozgaj-grupa-78864523\/\"]}]}<\/script>\n<!-- \/ Yoast SEO plugin. -->","yoast_head_json":{"title":"Kollektion FICHTE &middot; PO\u017dGAJ grupa","robots":{"index":"index","follow":"follow","max-snippet":"max-snippet:-1","max-image-preview":"max-image-preview:large","max-video-preview":"max-video-preview:-1"},"canonical":"https:\/\/pozgaj.eu\/parkett\/kollektion-fichte\/","og_locale":"de_DE","og_type":"article","og_title":"Kollektion FICHTE &middot; PO\u017dGAJ grupa","og_url":"https:\/\/pozgaj.eu\/parkett\/kollektion-fichte\/","og_site_name":"PO\u017dGAJ grupa","article_publisher":"https:\/\/www.facebook.com\/POZGAJ-grupa-134026586637732\/","article_modified_time":"2018-03-12T12:29:06+00:00","twitter_card":"summary_large_image","twitter_misc":{"Gesch\u00e4tzte Lesezeit":"6\u00a0Minuten"},"schema":{"@context":"https:\/\/schema.org","@graph":[{"@type":"WebPage","@id":"https:\/\/pozgaj.eu\/parkett\/kollektion-fichte\/","url":"https:\/\/pozgaj.eu\/parkett\/kollektion-fichte\/","name":"Kollektion FICHTE &middot; PO\u017dGAJ grupa","isPartOf":{"@id":"https:\/\/pozgaj.eu\/#website"},"datePublished":"2018-02-27T09:14:19+00:00","dateModified":"2018-03-12T12:29:06+00:00","breadcrumb":{"@id":"https:\/\/pozgaj.eu\/parkett\/kollektion-fichte\/#breadcrumb"},"inLanguage":"de","potentialAction":[{"@type":"ReadAction","target":["https:\/\/pozgaj.eu\/parkett\/kollektion-fichte\/"]}]},{"@type":"BreadcrumbList","@id":"https:\/\/pozgaj.eu\/parkett\/kollektion-fichte\/#breadcrumb","itemListElement":[{"@type":"ListItem","position":1,"name":"Home","item":"https:\/\/pozgaj.eu\/de\/"},{"@type":"ListItem","position":2,"name":"Parkett","item":"https:\/\/pozgaj.eu\/parkett\/"},{"@type":"ListItem","position":3,"name":"Kollektion FICHTE"}]},{"@type":"WebSite","@id":"https:\/\/pozgaj.eu\/#website","url":"https:\/\/pozgaj.eu\/","name":"PO\u017dGAJ grupa","description":"WEB page POZGAJ group","publisher":{"@id":"https:\/\/pozgaj.eu\/#organization"},"potentialAction":[{"@type":"SearchAction","target":{"@type":"EntryPoint","urlTemplate":"https:\/\/pozgaj.eu\/?s={search_term_string}"},"query-input":"required name=search_term_string"}],"inLanguage":"de"},{"@type":"Organization","@id":"https:\/\/pozgaj.eu\/#organization","name":"PO\u017dGAJ Grupa","url":"https:\/\/pozgaj.eu\/","logo":{"@type":"ImageObject","inLanguage":"de","@id":"https:\/\/pozgaj.eu\/#\/schema\/logo\/image\/","url":"https:\/\/pozgaj.eu\/wp-content\/uploads\/2017\/10\/grupa_logo.png","contentUrl":"https:\/\/pozgaj.eu\/wp-content\/uploads\/2017\/10\/grupa_logo.png","width":1141,"height":150,"caption":"PO\u017dGAJ Grupa"},"image":{"@id":"https:\/\/pozgaj.eu\/#\/schema\/logo\/image\/"},"sameAs":["https:\/\/www.facebook.com\/POZGAJ-grupa-134026586637732\/","https:\/\/www.linkedin.com\/in\/pozgaj-grupa-78864523\/"]}]}},"_links":{"self":[{"href":"https:\/\/pozgaj.eu\/de\/wp-json\/wp\/v2\/pages\/16630"}],"collection":[{"href":"https:\/\/pozgaj.eu\/de\/wp-json\/wp\/v2\/pages"}],"about":[{"href":"https:\/\/pozgaj.eu\/de\/wp-json\/wp\/v2\/types\/page"}],"author":[{"embeddable":true,"href":"https:\/\/pozgaj.eu\/de\/wp-json\/wp\/v2\/users\/4"}],"replies":[{"embeddable":true,"href":"https:\/\/pozgaj.eu\/de\/wp-json\/wp\/v2\/comments?post=16630"}],"version-history":[{"count":0,"href":"https:\/\/pozgaj.eu\/de\/wp-json\/wp\/v2\/pages\/16630\/revisions"}],"up":[{"embeddable":true,"href":"https:\/\/pozgaj.eu\/de\/wp-json\/wp\/v2\/pages\/11339"}],"wp:attachment":[{"href":"https:\/\/pozgaj.eu\/de\/wp-json\/wp\/v2\/media?parent=16630"}],"curies":[{"name":"wp","href":"https:\/\/api.w.org\/{rel}","templated":true}]}}