{"id":16402,"date":"2018-02-26T17:24:38","date_gmt":"2018-02-26T16:24:38","guid":{"rendered":"https:\/\/pozgaj.eu\/proizvodi\/parket\/kollektion-eiche\/castoro\/"},"modified":"2025-06-16T08:34:17","modified_gmt":"2025-06-16T06:34:17","slug":"castoro","status":"publish","type":"page","link":"https:\/\/pozgaj.eu\/de\/parkett\/kollektion-eiche\/castoro\/","title":{"rendered":"Castoro"},"content":{"rendered":"<div class=\"fusion-fullwidth fullwidth-box fusion-builder-row-1 nonhundred-percent-fullwidth non-hundred-percent-height-scrolling\" style=\"--awb-border-radius-top-left:0px;--awb-border-radius-top-right:0px;--awb-border-radius-bottom-right:0px;--awb-border-radius-bottom-left:0px;--awb-flex-wrap:wrap;\" ><div class=\"fusion-builder-row fusion-row\"><div class=\"fusion-layout-column fusion_builder_column fusion-builder-column-0 fusion_builder_column_1_3 1_3 fusion-one-third fusion-column-first\" style=\"--awb-bg-size:cover;width:33.333333333333%;width:calc(33.333333333333% - ( ( 4% + 4% ) * 0.33333333333333 ) );margin-right: 4%;\"><div class=\"fusion-column-wrapper fusion-flex-column-wrapper-legacy\"><div class=\"fusion-image-element in-legacy-container\" style=\"--awb-caption-title-font-family:var(--h2_typography-font-family);--awb-caption-title-font-weight:var(--h2_typography-font-weight);--awb-caption-title-font-style:var(--h2_typography-font-style);--awb-caption-title-size:var(--h2_typography-font-size);--awb-caption-title-transform:var(--h2_typography-text-transform);--awb-caption-title-line-height:var(--h2_typography-line-height);--awb-caption-title-letter-spacing:var(--h2_typography-letter-spacing);\"><span class=\" fusion-imageframe imageframe-none imageframe-1 hover-type-none\"><img decoding=\"async\" width=\"1828\" height=\"640\" title=\"Ottimo-daska\" src=\"https:\/\/pozgaj.eu\/wp-content\/uploads\/2017\/12\/Ottimo-daska-1.png\" alt class=\"img-responsive wp-image-17366\" srcset=\"https:\/\/pozgaj.eu\/wp-content\/uploads\/2017\/12\/Ottimo-daska-1-200x70.png 200w, https:\/\/pozgaj.eu\/wp-content\/uploads\/2017\/12\/Ottimo-daska-1-400x140.png 400w, https:\/\/pozgaj.eu\/wp-content\/uploads\/2017\/12\/Ottimo-daska-1-600x210.png 600w, https:\/\/pozgaj.eu\/wp-content\/uploads\/2017\/12\/Ottimo-daska-1-800x280.png 800w, https:\/\/pozgaj.eu\/wp-content\/uploads\/2017\/12\/Ottimo-daska-1-1200x420.png 1200w, https:\/\/pozgaj.eu\/wp-content\/uploads\/2017\/12\/Ottimo-daska-1.png 1828w\" sizes=\"(max-width: 800px) 100vw, 400px\" \/><\/span><\/div><div class=\"fusion-clearfix\"><\/div><\/div><\/div><div class=\"fusion-layout-column fusion_builder_column fusion-builder-column-1 fusion_builder_column_1_3 1_3 fusion-one-third\" style=\"--awb-bg-size:cover;width:33.333333333333%;width:calc(33.333333333333% - ( ( 4% + 4% ) * 0.33333333333333 ) );margin-right: 4%;\"><div class=\"fusion-column-wrapper fusion-flex-column-wrapper-legacy\"><div class=\"fusion-image-element in-legacy-container\" style=\"--awb-caption-title-font-family:var(--h2_typography-font-family);--awb-caption-title-font-weight:var(--h2_typography-font-weight);--awb-caption-title-font-style:var(--h2_typography-font-style);--awb-caption-title-size:var(--h2_typography-font-size);--awb-caption-title-transform:var(--h2_typography-text-transform);--awb-caption-title-line-height:var(--h2_typography-line-height);--awb-caption-title-letter-spacing:var(--h2_typography-letter-spacing);\"><span class=\" fusion-imageframe imageframe-none imageframe-2 hover-type-none\"><a href=\"https:\/\/pozgaj.eu\/wp-content\/uploads\/2017\/10\/Presjek_castoro.png\" class=\"fusion-lightbox\" data-rel=\"lightbox-image-aUxpZ2h0Ym94W2M1ZjNkZjhmODIyZmQwYmFjY2Jd\" data-rl_title=\"\" data-rl_caption=\"\" data-title=\"Presjek_castoro\" title=\"\"><img decoding=\"async\" width=\"1000\" height=\"356\" src=\"https:\/\/pozgaj.eu\/wp-content\/uploads\/2017\/10\/Presjek_castoro.png\" alt class=\"img-responsive wp-image-17290\" srcset=\"https:\/\/pozgaj.eu\/wp-content\/uploads\/2017\/10\/Presjek_castoro-200x71.png 200w, https:\/\/pozgaj.eu\/wp-content\/uploads\/2017\/10\/Presjek_castoro-400x142.png 400w, https:\/\/pozgaj.eu\/wp-content\/uploads\/2017\/10\/Presjek_castoro-600x214.png 600w, https:\/\/pozgaj.eu\/wp-content\/uploads\/2017\/10\/Presjek_castoro-800x285.png 800w, https:\/\/pozgaj.eu\/wp-content\/uploads\/2017\/10\/Presjek_castoro.png 1000w\" sizes=\"(max-width: 800px) 100vw, 400px\" \/><\/a><\/span><\/div><div class=\"fusion-clearfix\"><\/div><\/div><\/div><div class=\"fusion-layout-column fusion_builder_column fusion-builder-column-2 fusion_builder_column_1_3 1_3 fusion-one-third fusion-column-last\" style=\"--awb-bg-size:cover;width:33.333333333333%;width:calc(33.333333333333% - ( ( 4% + 4% ) * 0.33333333333333 ) );\"><div class=\"fusion-column-wrapper fusion-flex-column-wrapper-legacy\"><div class=\"fusion-image-element in-legacy-container\" style=\"--awb-caption-title-font-family:var(--h2_typography-font-family);--awb-caption-title-font-weight:var(--h2_typography-font-weight);--awb-caption-title-font-style:var(--h2_typography-font-style);--awb-caption-title-size:var(--h2_typography-font-size);--awb-caption-title-transform:var(--h2_typography-text-transform);--awb-caption-title-line-height:var(--h2_typography-line-height);--awb-caption-title-letter-spacing:var(--h2_typography-letter-spacing);\"><span class=\" fusion-imageframe imageframe-none imageframe-3 hover-type-none\"><img decoding=\"async\" width=\"8817\" height=\"1790\" title=\"Ravna postava &#8211; razli\u010dite duljine\" src=\"https:\/\/pozgaj.eu\/wp-content\/uploads\/2018\/02\/Ravna-postava-razli\u010dite-duljine-1.jpg\" alt class=\"img-responsive wp-image-18182\" srcset=\"https:\/\/pozgaj.eu\/wp-content\/uploads\/2018\/02\/Ravna-postava-razli\u010dite-duljine-1-200x41.jpg 200w, https:\/\/pozgaj.eu\/wp-content\/uploads\/2018\/02\/Ravna-postava-razli\u010dite-duljine-1-400x81.jpg 400w, https:\/\/pozgaj.eu\/wp-content\/uploads\/2018\/02\/Ravna-postava-razli\u010dite-duljine-1-600x122.jpg 600w, https:\/\/pozgaj.eu\/wp-content\/uploads\/2018\/02\/Ravna-postava-razli\u010dite-duljine-1-800x162.jpg 800w, https:\/\/pozgaj.eu\/wp-content\/uploads\/2018\/02\/Ravna-postava-razli\u010dite-duljine-1-1200x244.jpg 1200w, https:\/\/pozgaj.eu\/wp-content\/uploads\/2018\/02\/Ravna-postava-razli\u010dite-duljine-1.jpg 8817w\" sizes=\"(max-width: 800px) 100vw, 400px\" \/><\/span><\/div><div class=\"fusion-clearfix\"><\/div><\/div><\/div><div class=\"fusion-layout-column fusion_builder_column fusion-builder-column-3 fusion_builder_column_1_1 1_1 fusion-one-full fusion-column-first fusion-column-last\" style=\"--awb-bg-size:cover;\"><div class=\"fusion-column-wrapper fusion-flex-column-wrapper-legacy\"><div class=\"fusion-text fusion-text-1\"><p><span style=\"color: #000000; font-family: tahoma,arial,helvetica,sans-serif; font-size: 10pt;\">Durch zeitgem\u00e4sse Bearbeitung und Behandlungsmethoden des Holzes sind die Eigenschaften, wie etwa Nachhaltigkeit, Feuchtebest\u00e4ndigkeit, Austrocknungs- sowie Verschleiss-Schutz, wesentlich verbessert. Im Laufe der Zeit kommt die Sch\u00f6nheit des Holzes durch dessen Charakter immer st\u00e4rker zum Ausdruck. <\/span><br \/>\n<span style=\"color: #000000; font-family: tahoma,arial,helvetica,sans-serif; font-size: 10pt;\">Die St\u00e4rke des Massivholzbodens CASTORO betr\u00e4gt 20mm.<\/span><br \/>\n<span style=\"font-family: tahoma,arial,helvetica,sans-serif; font-size: 10pt;\"><span style=\"margin: 0px;\"><span style=\"color: #000000;\">Er ist in folgenden Abmessungen verf\u00fcgbar:<\/span><\/span><span style=\"color: #000000;\">\u00a0<\/span><\/span><br \/>\n<span style=\"color: #000000; font-family: tahoma,arial,helvetica,sans-serif; font-size: 10pt;\">20x140x500-2200 mm<\/span><br \/>\n<span style=\"color: #000000; font-family: tahoma,arial,helvetica,sans-serif; font-size: 10pt;\"> 20x160x500-2200 mm<\/span><br \/>\n<span style=\"color: #000000; font-family: tahoma,arial,helvetica,sans-serif; font-size: 10pt;\"> 20x180x500-2200 mm<\/span><br \/>\n<span style=\"color: #000000; font-family: tahoma,arial,helvetica,sans-serif; font-size: 10pt;\"> 20x200x500-2200 mm<\/span><br \/>\n<span style=\"margin: 0px; font-family: tahoma,arial,helvetica,sans-serif; font-size: 10pt;\"><span style=\"color: #000000;\">Standardm\u00e4ssig wird es mit gerundeten Kanten hergestellt (sogenannte Fase).<br \/>\nDie Dielen werden durch Nut und Feder miteinander verbunden.\u00a0<\/span><\/span><br \/>\n<span style=\"margin: 0px; font-family: tahoma,arial,helvetica,sans-serif; font-size: 10pt;\"><span style=\"color: #000000;\">Standardm\u00e4ssig wird es zur geradlinigen Verlegung geliefert.<br \/>\n<\/span><\/span><span style=\"margin: 0px; font-family: tahoma,arial,helvetica,sans-serif; font-size: 10pt;\"><span style=\"color: #000000;\">Verf\u00fcgbar ist die Sortierung Rustik.<\/span><\/span><br \/>\n<span style=\"margin: 0px; font-family: tahoma,arial,helvetica,sans-serif; font-size: 10pt;\"><span style=\"color: #000000;\">Das Produkt ist zu 100% FSC\u00ae-zertifiziert, was bedeutet, dass es gesamthaft aus FSC-zertifiziertem Rohmaterial hergestellt wird.<\/span><\/span><\/p>\n<p><a href=\"\/de\/parket\/oberflachenbehandlungen\/\"><span style=\"text-decoration: underline;\"><span style=\"font-size: 12pt;\"><strong><span style=\"font-family: tahoma, arial, helvetica, sans-serif; color: #333333; text-decoration: underline;\">Verf\u00fcgbare Oberfl\u00e4chenbehandlungen&#8230;<\/span><\/strong><\/span><\/span><\/a><br \/>\n<a href=\"\/de\/pozgaj-grupa\/fsc-coc-zertifikat\/\"><span style=\"text-decoration: underline;\"><span style=\"font-size: 12pt;\"><strong><span style=\"font-family: tahoma, arial, helvetica, sans-serif; color: #333333; text-decoration: underline;\">Mehr \u00fcber das FSC\u00ae-Zertifikat&#8230;<\/span><\/strong><\/span><\/span><\/a><\/p>\n<\/div><div class=\"fusion-clearfix\"><\/div><\/div><\/div><div class=\"fusion-layout-column fusion_builder_column fusion-builder-column-4 fusion_builder_column_1_2 1_2 fusion-one-half fusion-column-first\" style=\"--awb-bg-size:cover;width:50%;width:calc(50% - ( ( 4% ) * 0.5 ) );margin-right: 4%;\"><div class=\"fusion-column-wrapper fusion-flex-column-wrapper-legacy\"><div class=\"fusion-image-element in-legacy-container\" style=\"--awb-caption-title-font-family:var(--h2_typography-font-family);--awb-caption-title-font-weight:var(--h2_typography-font-weight);--awb-caption-title-font-style:var(--h2_typography-font-style);--awb-caption-title-size:var(--h2_typography-font-size);--awb-caption-title-transform:var(--h2_typography-text-transform);--awb-caption-title-line-height:var(--h2_typography-line-height);--awb-caption-title-letter-spacing:var(--h2_typography-letter-spacing);\"><span class=\" fusion-imageframe imageframe-none imageframe-4 hover-type-none\"><a href=\"https:\/\/pozgaj.eu\/wp-content\/uploads\/2018\/02\/Masivni-parket.jpg\" class=\"fusion-lightbox\" data-rel=\"lightbox-image-aUxpZ2h0Ym94WzUwYTllYmQzMmZmY2MzMzI0MWFd\" data-rl_title=\"\" data-rl_caption=\"\" data-title=\"Massiv Dielen\" title=\"\"><img decoding=\"async\" width=\"1463\" height=\"975\" src=\"https:\/\/pozgaj.eu\/wp-content\/uploads\/2018\/02\/Masivni-parket.jpg\" alt class=\"img-responsive wp-image-18080\" srcset=\"https:\/\/pozgaj.eu\/wp-content\/uploads\/2018\/02\/Masivni-parket-200x133.jpg 200w, https:\/\/pozgaj.eu\/wp-content\/uploads\/2018\/02\/Masivni-parket-400x267.jpg 400w, https:\/\/pozgaj.eu\/wp-content\/uploads\/2018\/02\/Masivni-parket-600x400.jpg 600w, https:\/\/pozgaj.eu\/wp-content\/uploads\/2018\/02\/Masivni-parket-800x533.jpg 800w, https:\/\/pozgaj.eu\/wp-content\/uploads\/2018\/02\/Masivni-parket-1200x800.jpg 1200w, https:\/\/pozgaj.eu\/wp-content\/uploads\/2018\/02\/Masivni-parket.jpg 1463w\" sizes=\"(max-width: 800px) 100vw, 800px\" \/><\/a><\/span><\/div><div class=\"fusion-clearfix\"><\/div><\/div><\/div><div class=\"fusion-layout-column fusion_builder_column fusion-builder-column-5 fusion_builder_column_1_2 1_2 fusion-one-half fusion-column-last\" style=\"--awb-bg-size:cover;width:50%;width:calc(50% - ( ( 4% ) * 0.5 ) );\"><div class=\"fusion-column-wrapper fusion-flex-column-wrapper-legacy\"><div class=\"fusion-clearfix\"><\/div><\/div><\/div><\/div><\/div>\n","protected":false},"excerpt":{"rendered":"","protected":false},"author":4,"featured_media":0,"parent":16344,"menu_order":0,"comment_status":"closed","ping_status":"closed","template":"side-navigation.php","meta":{"footnotes":""},"yoast_head":"<!-- This site is optimized with the Yoast SEO plugin v21.1 - https:\/\/yoast.com\/wordpress\/plugins\/seo\/ -->\n<title>Castoro &middot; PO\u017dGAJ grupa<\/title>\n<meta name=\"robots\" content=\"index, follow, max-snippet:-1, max-image-preview:large, max-video-preview:-1\" \/>\n<link rel=\"canonical\" href=\"https:\/\/pozgaj.eu\/de\/parkett\/kollektion-eiche\/castoro\/\" \/>\n<meta property=\"og:locale\" content=\"de_DE\" \/>\n<meta property=\"og:type\" content=\"article\" \/>\n<meta property=\"og:title\" content=\"Castoro &middot; PO\u017dGAJ grupa\" \/>\n<meta property=\"og:url\" content=\"https:\/\/pozgaj.eu\/de\/parkett\/kollektion-eiche\/castoro\/\" \/>\n<meta property=\"og:site_name\" content=\"PO\u017dGAJ grupa\" \/>\n<meta property=\"article:publisher\" content=\"https:\/\/www.facebook.com\/POZGAJ-grupa-134026586637732\/\" \/>\n<meta property=\"article:modified_time\" content=\"2025-06-16T06:34:17+00:00\" \/>\n<meta name=\"twitter:card\" content=\"summary_large_image\" \/>\n<meta name=\"twitter:label1\" content=\"Gesch\u00e4tzte Lesezeit\" \/>\n\t<meta name=\"twitter:data1\" content=\"3\u00a0Minuten\" \/>\n<script type=\"application\/ld+json\" class=\"yoast-schema-graph\">{\"@context\":\"https:\/\/schema.org\",\"@graph\":[{\"@type\":\"WebPage\",\"@id\":\"https:\/\/pozgaj.eu\/de\/parkett\/kollektion-eiche\/castoro\/\",\"url\":\"https:\/\/pozgaj.eu\/de\/parkett\/kollektion-eiche\/castoro\/\",\"name\":\"Castoro &middot; PO\u017dGAJ grupa\",\"isPartOf\":{\"@id\":\"https:\/\/pozgaj.eu\/#website\"},\"datePublished\":\"2018-02-26T16:24:38+00:00\",\"dateModified\":\"2025-06-16T06:34:17+00:00\",\"breadcrumb\":{\"@id\":\"https:\/\/pozgaj.eu\/de\/parkett\/kollektion-eiche\/castoro\/#breadcrumb\"},\"inLanguage\":\"de\",\"potentialAction\":[{\"@type\":\"ReadAction\",\"target\":[\"https:\/\/pozgaj.eu\/de\/parkett\/kollektion-eiche\/castoro\/\"]}]},{\"@type\":\"BreadcrumbList\",\"@id\":\"https:\/\/pozgaj.eu\/de\/parkett\/kollektion-eiche\/castoro\/#breadcrumb\",\"itemListElement\":[{\"@type\":\"ListItem\",\"position\":1,\"name\":\"Home\",\"item\":\"https:\/\/pozgaj.eu\/de\/\"},{\"@type\":\"ListItem\",\"position\":2,\"name\":\"Parkett\",\"item\":\"https:\/\/pozgaj.eu\/parkett\/\"},{\"@type\":\"ListItem\",\"position\":3,\"name\":\"Kollektion EICHE\",\"item\":\"https:\/\/pozgaj.eu\/parkett\/kollektion-eiche\/\"},{\"@type\":\"ListItem\",\"position\":4,\"name\":\"Castoro\"}]},{\"@type\":\"WebSite\",\"@id\":\"https:\/\/pozgaj.eu\/#website\",\"url\":\"https:\/\/pozgaj.eu\/\",\"name\":\"PO\u017dGAJ grupa\",\"description\":\"WEB page POZGAJ group\",\"publisher\":{\"@id\":\"https:\/\/pozgaj.eu\/#organization\"},\"potentialAction\":[{\"@type\":\"SearchAction\",\"target\":{\"@type\":\"EntryPoint\",\"urlTemplate\":\"https:\/\/pozgaj.eu\/?s={search_term_string}\"},\"query-input\":\"required name=search_term_string\"}],\"inLanguage\":\"de\"},{\"@type\":\"Organization\",\"@id\":\"https:\/\/pozgaj.eu\/#organization\",\"name\":\"PO\u017dGAJ Grupa\",\"url\":\"https:\/\/pozgaj.eu\/\",\"logo\":{\"@type\":\"ImageObject\",\"inLanguage\":\"de\",\"@id\":\"https:\/\/pozgaj.eu\/#\/schema\/logo\/image\/\",\"url\":\"https:\/\/pozgaj.eu\/wp-content\/uploads\/2017\/10\/grupa_logo.png\",\"contentUrl\":\"https:\/\/pozgaj.eu\/wp-content\/uploads\/2017\/10\/grupa_logo.png\",\"width\":1141,\"height\":150,\"caption\":\"PO\u017dGAJ Grupa\"},\"image\":{\"@id\":\"https:\/\/pozgaj.eu\/#\/schema\/logo\/image\/\"},\"sameAs\":[\"https:\/\/www.facebook.com\/POZGAJ-grupa-134026586637732\/\",\"https:\/\/www.linkedin.com\/in\/pozgaj-grupa-78864523\/\"]}]}<\/script>\n<!-- \/ Yoast SEO plugin. -->","yoast_head_json":{"title":"Castoro &middot; PO\u017dGAJ grupa","robots":{"index":"index","follow":"follow","max-snippet":"max-snippet:-1","max-image-preview":"max-image-preview:large","max-video-preview":"max-video-preview:-1"},"canonical":"https:\/\/pozgaj.eu\/de\/parkett\/kollektion-eiche\/castoro\/","og_locale":"de_DE","og_type":"article","og_title":"Castoro &middot; PO\u017dGAJ grupa","og_url":"https:\/\/pozgaj.eu\/de\/parkett\/kollektion-eiche\/castoro\/","og_site_name":"PO\u017dGAJ grupa","article_publisher":"https:\/\/www.facebook.com\/POZGAJ-grupa-134026586637732\/","article_modified_time":"2025-06-16T06:34:17+00:00","twitter_card":"summary_large_image","twitter_misc":{"Gesch\u00e4tzte Lesezeit":"3\u00a0Minuten"},"schema":{"@context":"https:\/\/schema.org","@graph":[{"@type":"WebPage","@id":"https:\/\/pozgaj.eu\/de\/parkett\/kollektion-eiche\/castoro\/","url":"https:\/\/pozgaj.eu\/de\/parkett\/kollektion-eiche\/castoro\/","name":"Castoro &middot; PO\u017dGAJ grupa","isPartOf":{"@id":"https:\/\/pozgaj.eu\/#website"},"datePublished":"2018-02-26T16:24:38+00:00","dateModified":"2025-06-16T06:34:17+00:00","breadcrumb":{"@id":"https:\/\/pozgaj.eu\/de\/parkett\/kollektion-eiche\/castoro\/#breadcrumb"},"inLanguage":"de","potentialAction":[{"@type":"ReadAction","target":["https:\/\/pozgaj.eu\/de\/parkett\/kollektion-eiche\/castoro\/"]}]},{"@type":"BreadcrumbList","@id":"https:\/\/pozgaj.eu\/de\/parkett\/kollektion-eiche\/castoro\/#breadcrumb","itemListElement":[{"@type":"ListItem","position":1,"name":"Home","item":"https:\/\/pozgaj.eu\/de\/"},{"@type":"ListItem","position":2,"name":"Parkett","item":"https:\/\/pozgaj.eu\/parkett\/"},{"@type":"ListItem","position":3,"name":"Kollektion EICHE","item":"https:\/\/pozgaj.eu\/parkett\/kollektion-eiche\/"},{"@type":"ListItem","position":4,"name":"Castoro"}]},{"@type":"WebSite","@id":"https:\/\/pozgaj.eu\/#website","url":"https:\/\/pozgaj.eu\/","name":"PO\u017dGAJ grupa","description":"WEB page POZGAJ group","publisher":{"@id":"https:\/\/pozgaj.eu\/#organization"},"potentialAction":[{"@type":"SearchAction","target":{"@type":"EntryPoint","urlTemplate":"https:\/\/pozgaj.eu\/?s={search_term_string}"},"query-input":"required name=search_term_string"}],"inLanguage":"de"},{"@type":"Organization","@id":"https:\/\/pozgaj.eu\/#organization","name":"PO\u017dGAJ Grupa","url":"https:\/\/pozgaj.eu\/","logo":{"@type":"ImageObject","inLanguage":"de","@id":"https:\/\/pozgaj.eu\/#\/schema\/logo\/image\/","url":"https:\/\/pozgaj.eu\/wp-content\/uploads\/2017\/10\/grupa_logo.png","contentUrl":"https:\/\/pozgaj.eu\/wp-content\/uploads\/2017\/10\/grupa_logo.png","width":1141,"height":150,"caption":"PO\u017dGAJ Grupa"},"image":{"@id":"https:\/\/pozgaj.eu\/#\/schema\/logo\/image\/"},"sameAs":["https:\/\/www.facebook.com\/POZGAJ-grupa-134026586637732\/","https:\/\/www.linkedin.com\/in\/pozgaj-grupa-78864523\/"]}]}},"_links":{"self":[{"href":"https:\/\/pozgaj.eu\/de\/wp-json\/wp\/v2\/pages\/16402"}],"collection":[{"href":"https:\/\/pozgaj.eu\/de\/wp-json\/wp\/v2\/pages"}],"about":[{"href":"https:\/\/pozgaj.eu\/de\/wp-json\/wp\/v2\/types\/page"}],"author":[{"embeddable":true,"href":"https:\/\/pozgaj.eu\/de\/wp-json\/wp\/v2\/users\/4"}],"replies":[{"embeddable":true,"href":"https:\/\/pozgaj.eu\/de\/wp-json\/wp\/v2\/comments?post=16402"}],"version-history":[{"count":1,"href":"https:\/\/pozgaj.eu\/de\/wp-json\/wp\/v2\/pages\/16402\/revisions"}],"predecessor-version":[{"id":24266,"href":"https:\/\/pozgaj.eu\/de\/wp-json\/wp\/v2\/pages\/16402\/revisions\/24266"}],"up":[{"embeddable":true,"href":"https:\/\/pozgaj.eu\/de\/wp-json\/wp\/v2\/pages\/16344"}],"wp:attachment":[{"href":"https:\/\/pozgaj.eu\/de\/wp-json\/wp\/v2\/media?parent=16402"}],"curies":[{"name":"wp","href":"https:\/\/api.w.org\/{rel}","templated":true}]}}