{"id":11339,"date":"2017-09-11T12:22:54","date_gmt":"2017-09-11T10:22:54","guid":{"rendered":"https:\/\/pozgaj.eu\/proizvodi\/parket\/"},"modified":"2020-07-08T10:12:51","modified_gmt":"2020-07-08T08:12:51","slug":"parkett","status":"publish","type":"page","link":"https:\/\/pozgaj.eu\/de\/parkett\/","title":{"rendered":"Parkett"},"content":{"rendered":"<div class=\"fusion-fullwidth fullwidth-box fusion-builder-row-1 nonhundred-percent-fullwidth non-hundred-percent-height-scrolling\" style=\"--awb-border-radius-top-left:0px;--awb-border-radius-top-right:0px;--awb-border-radius-bottom-right:0px;--awb-border-radius-bottom-left:0px;--awb-flex-wrap:wrap;\" ><div class=\"fusion-builder-row fusion-row\"><div class=\"fusion-layout-column fusion_builder_column fusion-builder-column-0 fusion_builder_column_1_5 1_5 fusion-one-fifth fusion-column-first\" style=\"--awb-bg-size:cover;width:20%;width:calc(20% - ( ( 4% ) * 0.2 ) );margin-right: 4%;\"><div class=\"fusion-column-wrapper fusion-flex-column-wrapper-legacy\"><div class=\"fusion-image-element in-legacy-container\" style=\"--awb-caption-title-font-family:var(--h2_typography-font-family);--awb-caption-title-font-weight:var(--h2_typography-font-weight);--awb-caption-title-font-style:var(--h2_typography-font-style);--awb-caption-title-size:var(--h2_typography-font-size);--awb-caption-title-transform:var(--h2_typography-text-transform);--awb-caption-title-line-height:var(--h2_typography-line-height);--awb-caption-title-letter-spacing:var(--h2_typography-letter-spacing);\"><span class=\" fusion-imageframe imageframe-none imageframe-1 hover-type-none\"><img decoding=\"async\" width=\"334\" height=\"83\" title=\"Morello_Crni\" src=\"https:\/\/pozgaj.eu\/wp-content\/uploads\/2018\/02\/Morello_Crni.jpg\" alt class=\"img-responsive wp-image-18066\" srcset=\"https:\/\/pozgaj.eu\/wp-content\/uploads\/2018\/02\/Morello_Crni-200x50.jpg 200w, https:\/\/pozgaj.eu\/wp-content\/uploads\/2018\/02\/Morello_Crni.jpg 334w\" sizes=\"(max-width: 800px) 100vw, 334px\" \/><\/span><\/div><div class=\"fusion-sep-clear\"><\/div><div class=\"fusion-separator fusion-full-width-sep\" style=\"margin-left: auto;margin-right: auto;margin-top:10px;margin-bottom:10px;width:100%;\"><\/div><div class=\"fusion-sep-clear\"><\/div><div class=\"fusion-image-element in-legacy-container\" style=\"--awb-caption-title-font-family:var(--h2_typography-font-family);--awb-caption-title-font-weight:var(--h2_typography-font-weight);--awb-caption-title-font-style:var(--h2_typography-font-style);--awb-caption-title-size:var(--h2_typography-font-size);--awb-caption-title-transform:var(--h2_typography-text-transform);--awb-caption-title-line-height:var(--h2_typography-line-height);--awb-caption-title-letter-spacing:var(--h2_typography-letter-spacing);\"><span class=\" fusion-imageframe imageframe-none imageframe-2 hover-type-none\"><img decoding=\"async\" width=\"334\" height=\"71\" title=\"Pavone_crni\" src=\"https:\/\/pozgaj.eu\/wp-content\/uploads\/2018\/02\/Pavone_crni-e1519298952888.jpg\" alt class=\"img-responsive wp-image-18068\"\/><\/span><\/div><div class=\"fusion-sep-clear\"><\/div><div class=\"fusion-separator fusion-full-width-sep\" style=\"margin-left: auto;margin-right: auto;margin-top:10px;margin-bottom:10px;width:100%;\"><\/div><div class=\"fusion-sep-clear\"><\/div><div class=\"fusion-image-element in-legacy-container\" style=\"--awb-caption-title-font-family:var(--h2_typography-font-family);--awb-caption-title-font-weight:var(--h2_typography-font-weight);--awb-caption-title-font-style:var(--h2_typography-font-style);--awb-caption-title-size:var(--h2_typography-font-size);--awb-caption-title-transform:var(--h2_typography-text-transform);--awb-caption-title-line-height:var(--h2_typography-line-height);--awb-caption-title-letter-spacing:var(--h2_typography-letter-spacing);\"><span class=\" fusion-imageframe imageframe-none imageframe-3 hover-type-none\"><img decoding=\"async\" width=\"334\" height=\"61\" title=\"Castoro_crni\" src=\"https:\/\/pozgaj.eu\/wp-content\/uploads\/2018\/02\/Castoro_crni-e1519298973920.png\" alt class=\"img-responsive wp-image-18070\"\/><\/span><\/div><div class=\"fusion-clearfix\"><\/div><\/div><\/div><div class=\"fusion-layout-column fusion_builder_column fusion-builder-column-1 fusion_builder_column_4_5 4_5 fusion-four-fifth fusion-column-last\" style=\"--awb-bg-size:cover;--awb-margin-bottom:0px;width:80%;width:calc(80% - ( ( 4% ) * 0.8 ) );\"><div class=\"fusion-column-wrapper fusion-flex-column-wrapper-legacy\"><div class=\"fusion-text fusion-text-1\"><p><span style=\"font-family: tahoma, arial, helvetica, sans-serif; font-size: 10pt; color: #333333;\">Ebenfalls wie M\u00f6bel, tragen auch Bodenbelege zu dem kompletten Eindruck und der Atmosph\u00e4re in Ihrem Heim bei. Damit Sie Ihr Heim oder B\u00fcro mit einem sch\u00f6nen und nat\u00fcrlichen <\/span><span style=\"font-family: tahoma, arial, helvetica, sans-serif; font-size: 10pt; color: #333333;\">Bodenbeleg bereichern k\u00f6nnen, haben wir f\u00fcr Sie eine breite Palette an qualit\u00e4tvollem Fertigparkett vorbereitet. Sei es Sie m\u00f6chten ein elegantes und modernes oder buntes und <\/span><span style=\"font-family: tahoma, arial, helvetica, sans-serif; font-size: 10pt; color: #333333;\">traditionelles Erscheinungsbild Ihres Raumes erzielen, in unserer 2-Schicht &#8211; und 3-Schichtparkett &#8211; sowie Massivparkett-Kollektion werden Sie einen Bodenbeleg finden, welches sich perfekt in Ihr Interieur integrieren wird.<\/span><\/p>\n<p><span style=\"font-family: tahoma, arial, helvetica, sans-serif; font-size: 10pt; color: #333333;\">Wir bieten Ihnen eine gro\u00dfe Auswahl und viele Alternativen bez\u00fcglich der Holzarten, der Dimensionen, der lackierten und ge\u00f6lten Oberfl\u00e4chenbearbeitungen sowie der nat\u00fcrlichen Optik des Holzes (bzw. der Sortierung). Hinsichtlich der Tatsache, dass die Eiche schon seit Jahren eine der meist gefragten Holzarten ist, sind wir auf unser Fertigparkett <\/span><span style=\"font-family: tahoma, arial, helvetica, sans-serif; font-size: 10pt; color: #333333;\">aus der SLAWONISCHEN EICHE, welche f\u00fcr ihre Qualit\u00e4t und Sch\u00f6nheit weltweit bekannt ist, besonders stolz.<\/span><\/p>\n<p><span style=\"font-family: tahoma, arial, helvetica, sans-serif; font-size: 10pt; color: #333333;\">Wir als Hersteller schenken viel Aufmerksamkeit dem Erhalt der bestehenden Qualit\u00e4t, der kontinuierlichen Verbesserung unserer Produkte sowie der Anpassung an die Welttrends. <\/span><span style=\"font-family: tahoma, arial, helvetica, sans-serif; font-size: 10pt; color: #333333;\">Alle Produkte in unserem Sortiment sind sorgf\u00e4ltig konstruktionsm\u00e4\u00dfig konzipiert und aus hochwertigen Materialien hergestellt, damit sie den Anspr\u00fcchen der Kunden hinsichtlich <\/span><span style=\"font-family: tahoma, arial, helvetica, sans-serif; font-size: 10pt; color: #333333;\">der Ausdauer, Best\u00e4ndigkeit und Unsch\u00e4dlichkeit entsprechen k\u00f6nnen. Daher stellen sie eine perfekte Auswahl f\u00fcr alle, die in ihr Heim oder B\u00fcro eine anhaltende Qualit\u00e4t einbauen <\/span><span style=\"font-family: tahoma, arial, helvetica, sans-serif; font-size: 10pt; color: #333333;\">m\u00f6chten. 2-Schicht &#8211; und 3-Schichtparkett-Sortiment ist f\u00fcr die Verlegung auf Fu\u00dfbodenheizung geeignet, was zus\u00e4tzlich zur Gem\u00fctlichkeit des Lebens in Ihrem Haus oder Wohnung beitragen <\/span><span style=\"font-family: tahoma, arial, helvetica, sans-serif; font-size: 10pt; color: #333333;\">wird.<\/span><\/p>\n<p><span style=\"font-family: tahoma, arial, helvetica, sans-serif; font-size: 10pt; color: #333333;\">Lernen Sie unsere aktuelle Kollektion des Fertigparketts kennen und lassen sich durch diese bei der Einrichtung Ihres perfekten Interieurs inspirieren!<\/span><\/p>\n<\/div><div class=\"fusion-clearfix\"><\/div><\/div><\/div><div class=\"fusion-layout-column fusion_builder_column fusion-builder-column-2 fusion_builder_column_1_1 1_1 fusion-one-full fusion-column-first fusion-column-last\" style=\"--awb-padding-top:50px;--awb-bg-size:cover;\"><div class=\"fusion-column-wrapper fusion-flex-column-wrapper-legacy\"><div class=\"fusion-text fusion-text-2\"><p style=\"text-align: center;\"><span style=\"color: #333333;\"><strong><span style=\"font-family: tahoma, arial, helvetica, sans-serif; font-size: 18pt;\">VERF\u00dcGBARE PARKETTKOLLEKTIONEN<\/span><\/strong><\/span><\/p>\n<\/div><div class=\"fusion-clearfix\"><\/div><\/div><\/div><div class=\"fusion-layout-column fusion_builder_column fusion-builder-column-3 fusion_builder_column_1_3 1_3 fusion-one-third fusion-column-first fusion-column-inner-bg-wrapper fusion-column-liftup-border\" style=\"--awb-inner-bg-size:cover;width:33.333333333333%;width:calc(33.333333333333% - ( ( 4% + 4% ) * 0.33333333333333 ) );margin-right: 4%;\"><span class=\"fusion-column-inner-bg hover-type-liftup\"><a class=\"fusion-column-anchor\" href=\"\/de\/parket\/kollektion-eiche\/\"><span class=\"fusion-column-inner-bg-image\"><\/span><\/a><\/span><div class=\"fusion-column-wrapper fusion-flex-column-wrapper-legacy\"><div class=\"fusion-text fusion-text-3\"><p style=\"text-align: center;\"><span style=\"color: #333333;\"><strong><span style=\"font-family: tahoma, arial, helvetica, sans-serif; font-size: 18pt;\">EICHE<\/span><\/strong><\/span><\/p>\n<\/div><div class=\"fusion-image-element in-legacy-container\" style=\"--awb-caption-title-font-family:var(--h2_typography-font-family);--awb-caption-title-font-weight:var(--h2_typography-font-weight);--awb-caption-title-font-style:var(--h2_typography-font-style);--awb-caption-title-size:var(--h2_typography-font-size);--awb-caption-title-transform:var(--h2_typography-text-transform);--awb-caption-title-line-height:var(--h2_typography-line-height);--awb-caption-title-letter-spacing:var(--h2_typography-letter-spacing);\"><span class=\" fusion-imageframe imageframe-none imageframe-4 hover-type-none\"><img decoding=\"async\" width=\"804\" height=\"604\" title=\"Hrast\" src=\"https:\/\/pozgaj.eu\/wp-content\/uploads\/2017\/09\/Hrast.jpg\" alt class=\"img-responsive wp-image-17356\" srcset=\"https:\/\/pozgaj.eu\/wp-content\/uploads\/2017\/09\/Hrast-200x150.jpg 200w, https:\/\/pozgaj.eu\/wp-content\/uploads\/2017\/09\/Hrast-400x300.jpg 400w, https:\/\/pozgaj.eu\/wp-content\/uploads\/2017\/09\/Hrast-600x451.jpg 600w, https:\/\/pozgaj.eu\/wp-content\/uploads\/2017\/09\/Hrast-800x601.jpg 800w, https:\/\/pozgaj.eu\/wp-content\/uploads\/2017\/09\/Hrast.jpg 804w\" sizes=\"(max-width: 800px) 100vw, 400px\" \/><\/span><\/div><div class=\"fusion-clearfix\"><\/div><\/div><\/div><div class=\"fusion-layout-column fusion_builder_column fusion-builder-column-4 fusion_builder_column_1_3 1_3 fusion-one-third fusion-column-inner-bg-wrapper fusion-column-liftup-border\" style=\"--awb-inner-bg-size:cover;width:33.333333333333%;width:calc(33.333333333333% - ( ( 4% + 4% ) * 0.33333333333333 ) );margin-right: 4%;\"><span class=\"fusion-column-inner-bg hover-type-liftup\"><a class=\"fusion-column-anchor\" href=\"\/de\/parket\/kollektion-esche\/\"><span class=\"fusion-column-inner-bg-image\"><\/span><\/a><\/span><div class=\"fusion-column-wrapper fusion-flex-column-wrapper-legacy\"><div class=\"fusion-text fusion-text-4\"><p style=\"text-align: center;\"><span style=\"color: #333333;\"><strong><span style=\"font-family: tahoma, arial, helvetica, sans-serif; font-size: 18pt;\">ESCHE<\/span><\/strong><\/span><\/p>\n<\/div><div class=\"fusion-image-element in-legacy-container\" style=\"--awb-caption-title-font-family:var(--h2_typography-font-family);--awb-caption-title-font-weight:var(--h2_typography-font-weight);--awb-caption-title-font-style:var(--h2_typography-font-style);--awb-caption-title-size:var(--h2_typography-font-size);--awb-caption-title-transform:var(--h2_typography-text-transform);--awb-caption-title-line-height:var(--h2_typography-line-height);--awb-caption-title-letter-spacing:var(--h2_typography-letter-spacing);\"><span class=\" fusion-imageframe imageframe-none imageframe-5 hover-type-none\"><img decoding=\"async\" width=\"804\" height=\"604\" title=\"Jasen\" src=\"https:\/\/pozgaj.eu\/wp-content\/uploads\/2017\/09\/Jasen.jpg\" alt class=\"img-responsive wp-image-17360\" srcset=\"https:\/\/pozgaj.eu\/wp-content\/uploads\/2017\/09\/Jasen-200x150.jpg 200w, https:\/\/pozgaj.eu\/wp-content\/uploads\/2017\/09\/Jasen-400x300.jpg 400w, https:\/\/pozgaj.eu\/wp-content\/uploads\/2017\/09\/Jasen-600x451.jpg 600w, https:\/\/pozgaj.eu\/wp-content\/uploads\/2017\/09\/Jasen-800x601.jpg 800w, https:\/\/pozgaj.eu\/wp-content\/uploads\/2017\/09\/Jasen.jpg 804w\" sizes=\"(max-width: 800px) 100vw, 400px\" \/><\/span><\/div><div class=\"fusion-clearfix\"><\/div><\/div><\/div><div class=\"fusion-layout-column fusion_builder_column fusion-builder-column-5 fusion_builder_column_1_3 1_3 fusion-one-third fusion-column-last fusion-column-inner-bg-wrapper fusion-column-liftup-border\" style=\"--awb-inner-bg-size:cover;width:33.333333333333%;width:calc(33.333333333333% - ( ( 4% + 4% ) * 0.33333333333333 ) );\"><span class=\"fusion-column-inner-bg hover-type-liftup\"><a class=\"fusion-column-anchor\" href=\"\/de\/parket\/kollektion-fichte\/\"><span class=\"fusion-column-inner-bg-image\"><\/span><\/a><\/span><div class=\"fusion-column-wrapper fusion-flex-column-wrapper-legacy\"><div class=\"fusion-text fusion-text-5\"><p style=\"text-align: center;\"><span style=\"color: #333333;\"><strong><span style=\"font-family: tahoma, arial, helvetica, sans-serif; font-size: 18pt;\">FICHTE<\/span><\/strong><\/span><\/p>\n<\/div><div class=\"fusion-image-element in-legacy-container\" style=\"--awb-caption-title-font-family:var(--h2_typography-font-family);--awb-caption-title-font-weight:var(--h2_typography-font-weight);--awb-caption-title-font-style:var(--h2_typography-font-style);--awb-caption-title-size:var(--h2_typography-font-size);--awb-caption-title-transform:var(--h2_typography-text-transform);--awb-caption-title-line-height:var(--h2_typography-line-height);--awb-caption-title-letter-spacing:var(--h2_typography-letter-spacing);\"><span class=\" fusion-imageframe imageframe-none imageframe-6 hover-type-none\"><img decoding=\"async\" width=\"804\" height=\"604\" title=\"Jela\" src=\"https:\/\/pozgaj.eu\/wp-content\/uploads\/2018\/02\/Jela-1.jpg\" alt class=\"img-responsive wp-image-18142\" srcset=\"https:\/\/pozgaj.eu\/wp-content\/uploads\/2018\/02\/Jela-1-200x150.jpg 200w, https:\/\/pozgaj.eu\/wp-content\/uploads\/2018\/02\/Jela-1-400x300.jpg 400w, https:\/\/pozgaj.eu\/wp-content\/uploads\/2018\/02\/Jela-1-600x451.jpg 600w, https:\/\/pozgaj.eu\/wp-content\/uploads\/2018\/02\/Jela-1-800x601.jpg 800w, https:\/\/pozgaj.eu\/wp-content\/uploads\/2018\/02\/Jela-1.jpg 804w\" sizes=\"(max-width: 800px) 100vw, 400px\" \/><\/span><\/div><div class=\"fusion-clearfix\"><\/div><\/div><\/div><div class=\"fusion-layout-column fusion_builder_column fusion-builder-column-6 fusion_builder_column_1_3 1_3 fusion-one-third fusion-column-first\" style=\"--awb-bg-size:cover;width:33.333333333333%;width:calc(33.333333333333% - ( ( 4% + 4% ) * 0.33333333333333 ) );margin-right: 4%;\"><div class=\"fusion-column-wrapper fusion-flex-column-wrapper-legacy\"><div class=\"fusion-clearfix\"><\/div><\/div><\/div><div class=\"fusion-layout-column fusion_builder_column fusion-builder-column-7 fusion_builder_column_1_3 1_3 fusion-one-third fusion-column-inner-bg-wrapper fusion-column-liftup-border\" style=\"--awb-inner-bg-size:cover;width:33.333333333333%;width:calc(33.333333333333% - ( ( 4% + 4% ) * 0.33333333333333 ) );margin-right: 4%;\"><span class=\"fusion-column-inner-bg hover-type-liftup\"><a class=\"fusion-column-anchor\" href=\"\/de\/parket\/oberflachenbehandlungen\/\"><span class=\"fusion-column-inner-bg-image\"><\/span><\/a><\/span><div class=\"fusion-column-wrapper fusion-flex-column-wrapper-legacy\"><div class=\"fusion-text fusion-text-6\"><h1 style=\"text-align: center;\"><span style=\"color: #333333;\"><strong><span style=\"font-family: tahoma, arial, helvetica, sans-serif; font-size: 18pt;\">OBERFL\u00c4CHENBEHANDLUNGEN<\/span><\/strong><\/span><\/h1>\n<\/div><div class=\"fusion-image-element in-legacy-container\" style=\"--awb-caption-title-font-family:var(--h2_typography-font-family);--awb-caption-title-font-weight:var(--h2_typography-font-weight);--awb-caption-title-font-style:var(--h2_typography-font-style);--awb-caption-title-size:var(--h2_typography-font-size);--awb-caption-title-transform:var(--h2_typography-text-transform);--awb-caption-title-line-height:var(--h2_typography-line-height);--awb-caption-title-letter-spacing:var(--h2_typography-letter-spacing);\"><span class=\" fusion-imageframe imageframe-none imageframe-7 hover-type-none\"><img decoding=\"async\" width=\"804\" height=\"604\" title=\"Povr\u0161inske-obrade\" src=\"https:\/\/pozgaj.eu\/wp-content\/uploads\/2018\/02\/Povr\u0161inske-obrade-1.jpg\" alt class=\"img-responsive wp-image-18172\" srcset=\"https:\/\/pozgaj.eu\/wp-content\/uploads\/2018\/02\/Povr\u0161inske-obrade-1-200x150.jpg 200w, https:\/\/pozgaj.eu\/wp-content\/uploads\/2018\/02\/Povr\u0161inske-obrade-1-400x300.jpg 400w, https:\/\/pozgaj.eu\/wp-content\/uploads\/2018\/02\/Povr\u0161inske-obrade-1-600x451.jpg 600w, https:\/\/pozgaj.eu\/wp-content\/uploads\/2018\/02\/Povr\u0161inske-obrade-1-800x601.jpg 800w, https:\/\/pozgaj.eu\/wp-content\/uploads\/2018\/02\/Povr\u0161inske-obrade-1.jpg 804w\" sizes=\"(max-width: 800px) 100vw, 400px\" \/><\/span><\/div><div class=\"fusion-clearfix\"><\/div><\/div><\/div><div class=\"fusion-layout-column fusion_builder_column fusion-builder-column-8 fusion_builder_column_1_3 1_3 fusion-one-third fusion-column-last\" style=\"--awb-bg-size:cover;width:33.333333333333%;width:calc(33.333333333333% - ( ( 4% + 4% ) * 0.33333333333333 ) );\"><div class=\"fusion-column-wrapper fusion-flex-column-wrapper-legacy\"><div class=\"fusion-clearfix\"><\/div><\/div><\/div><\/div><\/div>\n","protected":false},"excerpt":{"rendered":"","protected":false},"author":4,"featured_media":0,"parent":0,"menu_order":0,"comment_status":"closed","ping_status":"closed","template":"","meta":{"footnotes":""},"yoast_head":"<!-- This site is optimized with the Yoast SEO plugin v21.1 - https:\/\/yoast.com\/wordpress\/plugins\/seo\/ -->\n<title>Parkett &middot; PO\u017dGAJ grupa<\/title>\n<meta name=\"robots\" content=\"index, follow, max-snippet:-1, max-image-preview:large, max-video-preview:-1\" \/>\n<link rel=\"canonical\" href=\"https:\/\/pozgaj.eu\/parkett\/\" \/>\n<meta property=\"og:locale\" content=\"de_DE\" \/>\n<meta property=\"og:type\" content=\"article\" \/>\n<meta property=\"og:title\" content=\"Parkett &middot; PO\u017dGAJ grupa\" \/>\n<meta property=\"og:url\" content=\"https:\/\/pozgaj.eu\/parkett\/\" \/>\n<meta property=\"og:site_name\" content=\"PO\u017dGAJ grupa\" \/>\n<meta property=\"article:publisher\" content=\"https:\/\/www.facebook.com\/POZGAJ-grupa-134026586637732\/\" \/>\n<meta property=\"article:modified_time\" content=\"2020-07-08T08:12:51+00:00\" \/>\n<meta name=\"twitter:card\" content=\"summary_large_image\" \/>\n<meta name=\"twitter:label1\" content=\"Gesch\u00e4tzte Lesezeit\" \/>\n\t<meta name=\"twitter:data1\" content=\"7\u00a0Minuten\" \/>\n<script type=\"application\/ld+json\" class=\"yoast-schema-graph\">{\"@context\":\"https:\/\/schema.org\",\"@graph\":[{\"@type\":\"WebPage\",\"@id\":\"https:\/\/pozgaj.eu\/parkett\/\",\"url\":\"https:\/\/pozgaj.eu\/parkett\/\",\"name\":\"Parkett &middot; PO\u017dGAJ grupa\",\"isPartOf\":{\"@id\":\"https:\/\/pozgaj.eu\/#website\"},\"datePublished\":\"2017-09-11T10:22:54+00:00\",\"dateModified\":\"2020-07-08T08:12:51+00:00\",\"breadcrumb\":{\"@id\":\"https:\/\/pozgaj.eu\/parkett\/#breadcrumb\"},\"inLanguage\":\"de\",\"potentialAction\":[{\"@type\":\"ReadAction\",\"target\":[\"https:\/\/pozgaj.eu\/parkett\/\"]}]},{\"@type\":\"BreadcrumbList\",\"@id\":\"https:\/\/pozgaj.eu\/parkett\/#breadcrumb\",\"itemListElement\":[{\"@type\":\"ListItem\",\"position\":1,\"name\":\"Home\",\"item\":\"https:\/\/pozgaj.eu\/de\/\"},{\"@type\":\"ListItem\",\"position\":2,\"name\":\"Parkett\"}]},{\"@type\":\"WebSite\",\"@id\":\"https:\/\/pozgaj.eu\/#website\",\"url\":\"https:\/\/pozgaj.eu\/\",\"name\":\"PO\u017dGAJ grupa\",\"description\":\"WEB page POZGAJ group\",\"publisher\":{\"@id\":\"https:\/\/pozgaj.eu\/#organization\"},\"potentialAction\":[{\"@type\":\"SearchAction\",\"target\":{\"@type\":\"EntryPoint\",\"urlTemplate\":\"https:\/\/pozgaj.eu\/?s={search_term_string}\"},\"query-input\":\"required name=search_term_string\"}],\"inLanguage\":\"de\"},{\"@type\":\"Organization\",\"@id\":\"https:\/\/pozgaj.eu\/#organization\",\"name\":\"PO\u017dGAJ Grupa\",\"url\":\"https:\/\/pozgaj.eu\/\",\"logo\":{\"@type\":\"ImageObject\",\"inLanguage\":\"de\",\"@id\":\"https:\/\/pozgaj.eu\/#\/schema\/logo\/image\/\",\"url\":\"https:\/\/pozgaj.eu\/wp-content\/uploads\/2017\/10\/grupa_logo.png\",\"contentUrl\":\"https:\/\/pozgaj.eu\/wp-content\/uploads\/2017\/10\/grupa_logo.png\",\"width\":1141,\"height\":150,\"caption\":\"PO\u017dGAJ Grupa\"},\"image\":{\"@id\":\"https:\/\/pozgaj.eu\/#\/schema\/logo\/image\/\"},\"sameAs\":[\"https:\/\/www.facebook.com\/POZGAJ-grupa-134026586637732\/\",\"https:\/\/www.linkedin.com\/in\/pozgaj-grupa-78864523\/\"]}]}<\/script>\n<!-- \/ Yoast SEO plugin. -->","yoast_head_json":{"title":"Parkett &middot; PO\u017dGAJ grupa","robots":{"index":"index","follow":"follow","max-snippet":"max-snippet:-1","max-image-preview":"max-image-preview:large","max-video-preview":"max-video-preview:-1"},"canonical":"https:\/\/pozgaj.eu\/parkett\/","og_locale":"de_DE","og_type":"article","og_title":"Parkett &middot; PO\u017dGAJ grupa","og_url":"https:\/\/pozgaj.eu\/parkett\/","og_site_name":"PO\u017dGAJ grupa","article_publisher":"https:\/\/www.facebook.com\/POZGAJ-grupa-134026586637732\/","article_modified_time":"2020-07-08T08:12:51+00:00","twitter_card":"summary_large_image","twitter_misc":{"Gesch\u00e4tzte Lesezeit":"7\u00a0Minuten"},"schema":{"@context":"https:\/\/schema.org","@graph":[{"@type":"WebPage","@id":"https:\/\/pozgaj.eu\/parkett\/","url":"https:\/\/pozgaj.eu\/parkett\/","name":"Parkett &middot; PO\u017dGAJ grupa","isPartOf":{"@id":"https:\/\/pozgaj.eu\/#website"},"datePublished":"2017-09-11T10:22:54+00:00","dateModified":"2020-07-08T08:12:51+00:00","breadcrumb":{"@id":"https:\/\/pozgaj.eu\/parkett\/#breadcrumb"},"inLanguage":"de","potentialAction":[{"@type":"ReadAction","target":["https:\/\/pozgaj.eu\/parkett\/"]}]},{"@type":"BreadcrumbList","@id":"https:\/\/pozgaj.eu\/parkett\/#breadcrumb","itemListElement":[{"@type":"ListItem","position":1,"name":"Home","item":"https:\/\/pozgaj.eu\/de\/"},{"@type":"ListItem","position":2,"name":"Parkett"}]},{"@type":"WebSite","@id":"https:\/\/pozgaj.eu\/#website","url":"https:\/\/pozgaj.eu\/","name":"PO\u017dGAJ grupa","description":"WEB page POZGAJ group","publisher":{"@id":"https:\/\/pozgaj.eu\/#organization"},"potentialAction":[{"@type":"SearchAction","target":{"@type":"EntryPoint","urlTemplate":"https:\/\/pozgaj.eu\/?s={search_term_string}"},"query-input":"required name=search_term_string"}],"inLanguage":"de"},{"@type":"Organization","@id":"https:\/\/pozgaj.eu\/#organization","name":"PO\u017dGAJ Grupa","url":"https:\/\/pozgaj.eu\/","logo":{"@type":"ImageObject","inLanguage":"de","@id":"https:\/\/pozgaj.eu\/#\/schema\/logo\/image\/","url":"https:\/\/pozgaj.eu\/wp-content\/uploads\/2017\/10\/grupa_logo.png","contentUrl":"https:\/\/pozgaj.eu\/wp-content\/uploads\/2017\/10\/grupa_logo.png","width":1141,"height":150,"caption":"PO\u017dGAJ Grupa"},"image":{"@id":"https:\/\/pozgaj.eu\/#\/schema\/logo\/image\/"},"sameAs":["https:\/\/www.facebook.com\/POZGAJ-grupa-134026586637732\/","https:\/\/www.linkedin.com\/in\/pozgaj-grupa-78864523\/"]}]}},"_links":{"self":[{"href":"https:\/\/pozgaj.eu\/de\/wp-json\/wp\/v2\/pages\/11339"}],"collection":[{"href":"https:\/\/pozgaj.eu\/de\/wp-json\/wp\/v2\/pages"}],"about":[{"href":"https:\/\/pozgaj.eu\/de\/wp-json\/wp\/v2\/types\/page"}],"author":[{"embeddable":true,"href":"https:\/\/pozgaj.eu\/de\/wp-json\/wp\/v2\/users\/4"}],"replies":[{"embeddable":true,"href":"https:\/\/pozgaj.eu\/de\/wp-json\/wp\/v2\/comments?post=11339"}],"version-history":[{"count":0,"href":"https:\/\/pozgaj.eu\/de\/wp-json\/wp\/v2\/pages\/11339\/revisions"}],"wp:attachment":[{"href":"https:\/\/pozgaj.eu\/de\/wp-json\/wp\/v2\/media?parent=11339"}],"curies":[{"name":"wp","href":"https:\/\/api.w.org\/{rel}","templated":true}]}}