{"id":11026,"date":"2017-08-25T03:00:29","date_gmt":"2017-08-25T01:00:29","guid":{"rendered":"https:\/\/pozgaj.eu\/karijera-zaposljavanje\/"},"modified":"2018-03-13T13:10:44","modified_gmt":"2018-03-13T12:10:44","slug":"karijera-zaposljavanje","status":"publish","type":"page","link":"https:\/\/pozgaj.eu\/de\/karijera-zaposljavanje\/","title":{"rendered":"Karriere"},"content":{"rendered":"<div class=\"fusion-fullwidth fullwidth-box fusion-builder-row-1 nonhundred-percent-fullwidth non-hundred-percent-height-scrolling\" style=\"--awb-border-radius-top-left:0px;--awb-border-radius-top-right:0px;--awb-border-radius-bottom-right:0px;--awb-border-radius-bottom-left:0px;--awb-flex-wrap:wrap;\" ><div class=\"fusion-builder-row fusion-row\"><div class=\"fusion-layout-column fusion_builder_column fusion-builder-column-0 fusion_builder_column_3_5 3_5 fusion-three-fifth fusion-column-first\" style=\"--awb-padding-top:20px;--awb-padding-right:20px;--awb-padding-bottom:20px;--awb-padding-left:20px;--awb-bg-color:rgba(45,45,45,0.5);--awb-bg-color-hover:rgba(45,45,45,0.5);--awb-bg-size:cover;--awb-margin-top:5px;--awb-margin-bottom:5px;width:58.4%; margin-right: 4%;\"><div class=\"fusion-column-wrapper fusion-flex-column-wrapper-legacy\"><div class=\"fusion-text fusion-text-1\"><p><span lang=\"DE\" style=\"color: #ffffff; font-family: tahoma,arial,helvetica,sans-serif; font-size: 10pt;\">Wir in der Po\u017egaj Gruppe haben die Bedeutsamkeit von fachkundigen, konkurrenten und motivierten Angestellten zur Erf\u00fcllung der Ziele des Unterehmens erkannt. Innerhalb der Po\u017egaj Gruppe bem\u00fchen wir uns, Teamwork, Innovationsf\u00e4higkeit und Unternehmensgeist zu f\u00f6rdern, sowie untereinander angenehme zwischenmenschliche Beziehungen aufzubauen.<\/span><\/p>\n<p><span lang=\"DE\" style=\"color: #ffffff; font-family: tahoma,arial,helvetica,sans-serif; font-size: 10pt;\">Wir bem\u00fchen uns, einzelne Angestellte, welche sich bei Ihrer T\u00e4tigkeit besondere M\u00fche geben, zu erkennen und auch zu belohnen.<\/span><\/p>\n<p><span style=\"color: #ffffff; font-family: tahoma,arial,helvetica,sans-serif; font-size: 10pt;\"><b><span lang=\"DE\">Wegen der konstanten Expandierung des Gesch\u00e4ftes und der Erh\u00f6hung der Produktionskapazit\u00e4ten hat die Po\u017egaj Gruppe stetigen Bedarf an Neuanstellungen, speziell im Produktionsbetrieb.<\/span><\/b><\/span><\/p>\n<p><span lang=\"DE\" style=\"color: #ffffff; font-family: tahoma,arial,helvetica,sans-serif; font-size: 10pt;\">Wie bieten Ihnen die Besch\u00e4ftigung in einem dynamischen Arbeitsumfeld, die M\u00f6glichkeit zu professionellem Wachstum und Entwicklung, sowie ein stimulierendes Einkommen an.<\/span><\/p>\n<p><span lang=\"DE\" style=\"color: #ffffff; font-family: tahoma,arial,helvetica,sans-serif; font-size: 10pt;\">Sofern Sie verantwortungsvoll, kommunikativ, professionell, flexibel und zu Teamwork bereit sind, und Sie die Anstellung in der Po\u017egaj Gruppe interessiert, k\u00f6nnen Sie sich im Anschluss die aktuellen offenen Stellenangebote ansehen. <\/span><\/p>\n<p><span lang=\"DE\" style=\"color: #ffffff; font-family: tahoma,arial,helvetica,sans-serif; font-size: 10pt;\">Insofern es momentan keine offenen Stellenangebote f\u00fcr Ihr Profil gibt, senden Sie uns bitte eine offene Bewerbung, welche wir in unserer Datenbank ablegen und bewerten, sobald sich daf\u00fcr Bedarf ergibt.<\/span><\/p>\n<\/div><div class=\"fusion-clearfix\"><\/div><\/div><\/div><div class=\"fusion-layout-column fusion_builder_column fusion-builder-column-1 fusion_builder_column_2_5 2_5 fusion-two-fifth fusion-column-last\" style=\"--awb-padding-top:20px;--awb-padding-right:20px;--awb-padding-bottom:20px;--awb-padding-left:20px;--awb-bg-size:cover;--awb-margin-top:5px;--awb-margin-bottom:5px;width:37.6%;\"><div class=\"fusion-column-wrapper fusion-flex-column-wrapper-legacy\"><div class=\"fusion-clearfix\"><\/div><\/div><\/div><div class=\"fusion-layout-column fusion_builder_column fusion-builder-column-2 fusion_builder_column_3_5 3_5 fusion-three-fifth fusion-column-first\" style=\"--awb-padding-top:20px;--awb-padding-right:20px;--awb-padding-bottom:20px;--awb-padding-left:20px;--awb-bg-size:cover;--awb-margin-top:5px;--awb-margin-bottom:5px;width:58.4%; margin-right: 4%;\"><div class=\"fusion-column-wrapper fusion-flex-column-wrapper-legacy\"><div class=\"fusion-text fusion-text-2\"><p><span lang=\"DE\" style=\"font-family: tahoma,arial,helvetica,sans-serif;\"><span style=\"color: #000000;\">Kontaktinformationen f\u00fcr alle offenen Fragen zur Anstellung in der Po\u017egaj Gruppe:<\/span><\/span><\/p>\n<p><span style=\"color: #000000; font-family: tahoma,arial,helvetica,sans-serif; font-size: 14pt;\"><strong>PO\u017dGAJ GRUPA<\/strong><\/span><br \/>\n<span style=\"color: #000000; font-family: tahoma,arial,helvetica,sans-serif; font-size: 14pt;\">Dravska 40, 42231 Veliki Bukovec<\/span><br \/>\n<span style=\"color: #000000; font-family: tahoma,arial,helvetica,sans-serif; font-size: 14pt;\">Tel. 042 406 600\u00a0<\/span><br \/>\n<span style=\"color: #000000; font-family: tahoma,arial,helvetica,sans-serif; font-size: 14pt;\"><a style=\"color: #000000;\" href=\"mailto:posao@pozgaj.com\">posao@pozgaj.com<\/a><\/span><\/p>\n<\/div><div class=\"fusion-clearfix\"><\/div><\/div><\/div><\/div><\/div>\n","protected":false},"excerpt":{"rendered":"","protected":false},"author":4,"featured_media":0,"parent":0,"menu_order":0,"comment_status":"closed","ping_status":"closed","template":"","meta":{"footnotes":""},"yoast_head":"<!-- This site is optimized with the Yoast SEO plugin v21.1 - https:\/\/yoast.com\/wordpress\/plugins\/seo\/ -->\n<title>Karriere &middot; PO\u017dGAJ grupa<\/title>\n<meta name=\"robots\" content=\"index, follow, max-snippet:-1, max-image-preview:large, max-video-preview:-1\" \/>\n<link rel=\"canonical\" href=\"https:\/\/pozgaj.eu\/karijera-zaposljavanje\/\" \/>\n<meta property=\"og:locale\" content=\"de_DE\" \/>\n<meta property=\"og:type\" content=\"article\" \/>\n<meta property=\"og:title\" content=\"Karriere &middot; PO\u017dGAJ grupa\" \/>\n<meta property=\"og:url\" content=\"https:\/\/pozgaj.eu\/karijera-zaposljavanje\/\" \/>\n<meta property=\"og:site_name\" content=\"PO\u017dGAJ grupa\" \/>\n<meta property=\"article:publisher\" content=\"https:\/\/www.facebook.com\/POZGAJ-grupa-134026586637732\/\" \/>\n<meta property=\"article:modified_time\" content=\"2018-03-13T12:10:44+00:00\" \/>\n<meta name=\"twitter:card\" content=\"summary_large_image\" \/>\n<meta name=\"twitter:label1\" content=\"Gesch\u00e4tzte Lesezeit\" \/>\n\t<meta name=\"twitter:data1\" content=\"2\u00a0Minuten\" \/>\n<script type=\"application\/ld+json\" class=\"yoast-schema-graph\">{\"@context\":\"https:\/\/schema.org\",\"@graph\":[{\"@type\":\"WebPage\",\"@id\":\"https:\/\/pozgaj.eu\/karijera-zaposljavanje\/\",\"url\":\"https:\/\/pozgaj.eu\/karijera-zaposljavanje\/\",\"name\":\"Karriere &middot; PO\u017dGAJ grupa\",\"isPartOf\":{\"@id\":\"https:\/\/pozgaj.eu\/#website\"},\"datePublished\":\"2017-08-25T01:00:29+00:00\",\"dateModified\":\"2018-03-13T12:10:44+00:00\",\"breadcrumb\":{\"@id\":\"https:\/\/pozgaj.eu\/karijera-zaposljavanje\/#breadcrumb\"},\"inLanguage\":\"de\",\"potentialAction\":[{\"@type\":\"ReadAction\",\"target\":[\"https:\/\/pozgaj.eu\/karijera-zaposljavanje\/\"]}]},{\"@type\":\"BreadcrumbList\",\"@id\":\"https:\/\/pozgaj.eu\/karijera-zaposljavanje\/#breadcrumb\",\"itemListElement\":[{\"@type\":\"ListItem\",\"position\":1,\"name\":\"Home\",\"item\":\"https:\/\/pozgaj.eu\/de\/\"},{\"@type\":\"ListItem\",\"position\":2,\"name\":\"Karriere\"}]},{\"@type\":\"WebSite\",\"@id\":\"https:\/\/pozgaj.eu\/#website\",\"url\":\"https:\/\/pozgaj.eu\/\",\"name\":\"PO\u017dGAJ grupa\",\"description\":\"WEB page POZGAJ group\",\"publisher\":{\"@id\":\"https:\/\/pozgaj.eu\/#organization\"},\"potentialAction\":[{\"@type\":\"SearchAction\",\"target\":{\"@type\":\"EntryPoint\",\"urlTemplate\":\"https:\/\/pozgaj.eu\/?s={search_term_string}\"},\"query-input\":\"required name=search_term_string\"}],\"inLanguage\":\"de\"},{\"@type\":\"Organization\",\"@id\":\"https:\/\/pozgaj.eu\/#organization\",\"name\":\"PO\u017dGAJ Grupa\",\"url\":\"https:\/\/pozgaj.eu\/\",\"logo\":{\"@type\":\"ImageObject\",\"inLanguage\":\"de\",\"@id\":\"https:\/\/pozgaj.eu\/#\/schema\/logo\/image\/\",\"url\":\"https:\/\/pozgaj.eu\/wp-content\/uploads\/2017\/10\/grupa_logo.png\",\"contentUrl\":\"https:\/\/pozgaj.eu\/wp-content\/uploads\/2017\/10\/grupa_logo.png\",\"width\":1141,\"height\":150,\"caption\":\"PO\u017dGAJ Grupa\"},\"image\":{\"@id\":\"https:\/\/pozgaj.eu\/#\/schema\/logo\/image\/\"},\"sameAs\":[\"https:\/\/www.facebook.com\/POZGAJ-grupa-134026586637732\/\",\"https:\/\/www.linkedin.com\/in\/pozgaj-grupa-78864523\/\"]}]}<\/script>\n<!-- \/ Yoast SEO plugin. -->","yoast_head_json":{"title":"Karriere &middot; PO\u017dGAJ grupa","robots":{"index":"index","follow":"follow","max-snippet":"max-snippet:-1","max-image-preview":"max-image-preview:large","max-video-preview":"max-video-preview:-1"},"canonical":"https:\/\/pozgaj.eu\/karijera-zaposljavanje\/","og_locale":"de_DE","og_type":"article","og_title":"Karriere &middot; PO\u017dGAJ grupa","og_url":"https:\/\/pozgaj.eu\/karijera-zaposljavanje\/","og_site_name":"PO\u017dGAJ grupa","article_publisher":"https:\/\/www.facebook.com\/POZGAJ-grupa-134026586637732\/","article_modified_time":"2018-03-13T12:10:44+00:00","twitter_card":"summary_large_image","twitter_misc":{"Gesch\u00e4tzte Lesezeit":"2\u00a0Minuten"},"schema":{"@context":"https:\/\/schema.org","@graph":[{"@type":"WebPage","@id":"https:\/\/pozgaj.eu\/karijera-zaposljavanje\/","url":"https:\/\/pozgaj.eu\/karijera-zaposljavanje\/","name":"Karriere &middot; PO\u017dGAJ grupa","isPartOf":{"@id":"https:\/\/pozgaj.eu\/#website"},"datePublished":"2017-08-25T01:00:29+00:00","dateModified":"2018-03-13T12:10:44+00:00","breadcrumb":{"@id":"https:\/\/pozgaj.eu\/karijera-zaposljavanje\/#breadcrumb"},"inLanguage":"de","potentialAction":[{"@type":"ReadAction","target":["https:\/\/pozgaj.eu\/karijera-zaposljavanje\/"]}]},{"@type":"BreadcrumbList","@id":"https:\/\/pozgaj.eu\/karijera-zaposljavanje\/#breadcrumb","itemListElement":[{"@type":"ListItem","position":1,"name":"Home","item":"https:\/\/pozgaj.eu\/de\/"},{"@type":"ListItem","position":2,"name":"Karriere"}]},{"@type":"WebSite","@id":"https:\/\/pozgaj.eu\/#website","url":"https:\/\/pozgaj.eu\/","name":"PO\u017dGAJ grupa","description":"WEB page POZGAJ group","publisher":{"@id":"https:\/\/pozgaj.eu\/#organization"},"potentialAction":[{"@type":"SearchAction","target":{"@type":"EntryPoint","urlTemplate":"https:\/\/pozgaj.eu\/?s={search_term_string}"},"query-input":"required name=search_term_string"}],"inLanguage":"de"},{"@type":"Organization","@id":"https:\/\/pozgaj.eu\/#organization","name":"PO\u017dGAJ Grupa","url":"https:\/\/pozgaj.eu\/","logo":{"@type":"ImageObject","inLanguage":"de","@id":"https:\/\/pozgaj.eu\/#\/schema\/logo\/image\/","url":"https:\/\/pozgaj.eu\/wp-content\/uploads\/2017\/10\/grupa_logo.png","contentUrl":"https:\/\/pozgaj.eu\/wp-content\/uploads\/2017\/10\/grupa_logo.png","width":1141,"height":150,"caption":"PO\u017dGAJ Grupa"},"image":{"@id":"https:\/\/pozgaj.eu\/#\/schema\/logo\/image\/"},"sameAs":["https:\/\/www.facebook.com\/POZGAJ-grupa-134026586637732\/","https:\/\/www.linkedin.com\/in\/pozgaj-grupa-78864523\/"]}]}},"_links":{"self":[{"href":"https:\/\/pozgaj.eu\/de\/wp-json\/wp\/v2\/pages\/11026"}],"collection":[{"href":"https:\/\/pozgaj.eu\/de\/wp-json\/wp\/v2\/pages"}],"about":[{"href":"https:\/\/pozgaj.eu\/de\/wp-json\/wp\/v2\/types\/page"}],"author":[{"embeddable":true,"href":"https:\/\/pozgaj.eu\/de\/wp-json\/wp\/v2\/users\/4"}],"replies":[{"embeddable":true,"href":"https:\/\/pozgaj.eu\/de\/wp-json\/wp\/v2\/comments?post=11026"}],"version-history":[{"count":0,"href":"https:\/\/pozgaj.eu\/de\/wp-json\/wp\/v2\/pages\/11026\/revisions"}],"wp:attachment":[{"href":"https:\/\/pozgaj.eu\/de\/wp-json\/wp\/v2\/media?parent=11026"}],"curies":[{"name":"wp","href":"https:\/\/api.w.org\/{rel}","templated":true}]}}